{"id":705,"date":"2020-02-13T21:07:45","date_gmt":"2020-02-13T21:07:45","guid":{"rendered":"http:\/\/solarzentral.ch\/?page_id=705"},"modified":"2025-06-29T14:11:41","modified_gmt":"2025-06-29T14:11:41","slug":"kontakt2","status":"publish","type":"page","link":"https:\/\/ewg-fr.ch\/fr\/kontakt2\/","title":{"rendered":"Contact"},"content":{"rendered":"<div style=\"height:30px\" aria-hidden=\"true\" class=\"wp-block-spacer\"><\/div>\n\n\n\n<h2 class=\"gb-headline gb-headline-d43f0629 gb-headline-text\">Contact<\/h2>\n\n\n<div class=\"gb-container gb-container-eb0e1426\"><div class=\"gb-inside-container\">\n<div class=\"gb-grid-wrapper gb-grid-wrapper-f833de15\">\n<div class=\"gb-grid-column gb-grid-column-5e7b481d\"><div class=\"gb-container gb-container-5e7b481d\"><div class=\"gb-inside-container\">\n\n<div style=\"height:50px\" aria-hidden=\"true\" class=\"wp-block-spacer\"><\/div>\n\n<\/div><\/div><\/div>\n<\/div>\n<\/div><\/div>\n\n<div class=\"gb-container gb-container-16b3ba49\"><div class=\"gb-inside-container\">\n<div class=\"gb-grid-wrapper gb-grid-wrapper-440acd67\">\n<div class=\"gb-grid-column gb-grid-column-13d72994\"><div class=\"gb-container gb-container-13d72994\"><div class=\"gb-inside-container\">\n\n<figure class=\"gb-block-image gb-block-image-c7b8b7ff\"><img loading=\"lazy\" decoding=\"async\" width=\"389\" height=\"214\" class=\"gb-image gb-image-c7b8b7ff\" src=\"https:\/\/ewg-fr.ch\/wp-content\/uploads\/2022\/09\/Kontakt.jpg\" alt=\"\" title=\"Contact\" srcset=\"https:\/\/ewg-fr.ch\/wp-content\/uploads\/2022\/09\/Kontakt.jpg 389w, https:\/\/ewg-fr.ch\/wp-content\/uploads\/2022\/09\/Kontakt-300x165.jpg 300w, https:\/\/ewg-fr.ch\/wp-content\/uploads\/2022\/09\/Kontakt-18x10.jpg 18w\" sizes=\"auto, (max-width: 389px) 100vw, 389px\" \/><\/figure>\n\n<\/div><\/div><\/div>\n\n<div class=\"gb-grid-column gb-grid-column-50a5f3b5\"><div class=\"gb-container gb-container-50a5f3b5\"><div class=\"gb-inside-container\">\n\n<p>Wir freuen uns, dass Sie sich f\u00fcr die Energiewendegenossenschaft des Kanton Freiburg interessieren. Vielen Dank daf\u00fcr.  Gerne werden wir ihre Anfrage, zeitnah, beantworten.   <\/p>\n\n\n\n<div style=\"height:45px\" aria-hidden=\"true\" class=\"wp-block-spacer\"><\/div>\n\n\n<div class=\"gb-container gb-container-c8bf0ce1\"><div class=\"gb-inside-container\">\n<div class=\"gb-grid-wrapper gb-grid-wrapper-d3a5ae1e\">\n<div class=\"gb-grid-column gb-grid-column-4478cdf1\"><div class=\"gb-container gb-container-4478cdf1\"><div class=\"gb-inside-container\">\n\n<p><strong>Demande de rappel<\/strong><\/p>\n\n\n\n<p>Veuillez nous indiquer vos Coordonn\u00e9es. Volontiers, nous Vous appelons retour. <br>Veuillez noter qu'en raison d'un manque de ressources, une demande d'offre indicative ne peut pas \u00eatre effectu\u00e9e par t\u00e9l\u00e9phone.<\/p>\n\n\n\n<p>-&gt; <a href=\"https:\/\/ewg-fr.ch\/fr\/bitte-um-rueckruf\/\" data-type=\"page\" data-id=\"1850\">Aller au formulaire<\/a><\/p>\n\n<\/div><\/div><\/div>\n\n<div class=\"gb-grid-column gb-grid-column-c51b3ed0\"><div class=\"gb-container gb-container-c51b3ed0\"><div class=\"gb-inside-container\"><\/div><\/div><\/div>\n\n<div class=\"gb-grid-column gb-grid-column-4afaba09\"><div class=\"gb-container gb-container-4afaba09\"><div class=\"gb-inside-container\">\n\n<p><strong>Demande d'offre indicative<\/strong><\/p>\n\n\n\n<p>Nous vous envoyons volontiers une offre indicative actuelle, selon les indications que vous nous fournissez dans le formulaire de contact.<\/p>\n\n\n\n<p>Veuillez le remplir soigneusement et, si n\u00e9cessaire, le compl\u00e9ter par des explications dans le champ \"remarques\".<\/p>\n\n\n\n<p>-&gt; <a href=\"https:\/\/ewg-fr.ch\/fr\/richtofferte\/\" data-type=\"page\" data-id=\"1629\">Aller au formulaire<\/a><\/p>\n\n<\/div><\/div><\/div>\n<\/div>\n<\/div><\/div>\n\n<div class=\"gb-container gb-container-a3892932\"><div class=\"gb-inside-container\">\n<div class=\"gb-grid-wrapper gb-grid-wrapper-a3d97aa7\"><\/div>\n<\/div><\/div>\n<\/div><\/div><\/div>\n<\/div>\n<\/div><\/div>","protected":false},"excerpt":{"rendered":"<p>Contact<\/p>","protected":false},"author":2,"featured_media":0,"parent":0,"menu_order":0,"comment_status":"closed","ping_status":"closed","template":"","meta":{"footnotes":""},"class_list":["post-705","page","type-page","status-publish","hentry"],"_links":{"self":[{"href":"https:\/\/ewg-fr.ch\/fr\/wp-json\/wp\/v2\/pages\/705","targetHints":{"allow":["GET"]}}],"collection":[{"href":"https:\/\/ewg-fr.ch\/fr\/wp-json\/wp\/v2\/pages"}],"about":[{"href":"https:\/\/ewg-fr.ch\/fr\/wp-json\/wp\/v2\/types\/page"}],"author":[{"embeddable":true,"href":"https:\/\/ewg-fr.ch\/fr\/wp-json\/wp\/v2\/users\/2"}],"replies":[{"embeddable":true,"href":"https:\/\/ewg-fr.ch\/fr\/wp-json\/wp\/v2\/comments?post=705"}],"version-history":[{"count":107,"href":"https:\/\/ewg-fr.ch\/fr\/wp-json\/wp\/v2\/pages\/705\/revisions"}],"predecessor-version":[{"id":2512,"href":"https:\/\/ewg-fr.ch\/fr\/wp-json\/wp\/v2\/pages\/705\/revisions\/2512"}],"wp:attachment":[{"href":"https:\/\/ewg-fr.ch\/fr\/wp-json\/wp\/v2\/media?parent=705"}],"curies":[{"name":"wp","href":"https:\/\/api.w.org\/{rel}","templated":true}]}}