{"id":1833,"date":"2022-09-29T19:09:25","date_gmt":"2022-09-29T19:09:25","guid":{"rendered":"https:\/\/ewg-fr.ch\/?page_id=1833"},"modified":"2024-05-05T08:10:16","modified_gmt":"2024-05-05T08:10:16","slug":"medien-broschueren","status":"publish","type":"page","link":"https:\/\/ewg-fr.ch\/fr\/medien-broschueren\/","title":{"rendered":"M\u00e9dias"},"content":{"rendered":"<h2 class=\"wp-block-heading\">M\u00e9dias<\/h2>\n\n\n\n<p><\/p>\n\n\n\n<div style=\"height:100px\" aria-hidden=\"true\" class=\"wp-block-spacer\"><\/div>\n\n\n\n<h2 class=\"wp-block-heading\">Imprimer<\/h2>\n\n\n\n<p><\/p>\n\n\n\n<figure class=\"wp-block-table\"><table><tbody><tr><td><strong>allemand<\/strong><\/td><td><strong>fran\u00e7ais<\/strong><\/td><\/tr><tr><td>Brosch\u00fcre EngerieSchweiz<br>Solarstrom &#8211; Eigenverbrauch optimieren -&gt; <a href=\"https:\/\/ewg-fr.ch\/wp-content\/uploads\/2022\/10\/EnergieSchweiz_DE_Solarstrom-Eigenverbrauch-optimieren.pdf.pdf\" data-type=\"attachment\" data-id=\"1987\" target=\"_blank\" rel=\"noreferrer noopener\">lien<\/a>          <\/td><td>Brochure suisse\u00e9nergie<br>Comment optimiser la consommation propre de courant  solaire  -&gt; <a href=\"https:\/\/ewg-fr.ch\/wp-content\/uploads\/2022\/10\/EnergieSchweiz_FR_Solarstrom-Eigenverbrauch-optimieren.pdf\" data-type=\"attachment\" data-id=\"1986\" target=\"_blank\" rel=\"noreferrer noopener\">lien<\/a><\/td><\/tr><tr><td>Brosch\u00fcre Suva<br>Sicher zu Energie vom Dach -&gt; <a href=\"https:\/\/ewg-fr.ch\/wp-content\/uploads\/2022\/10\/SUVA_DE_Sicher-Engergie-vom-Dach.pdf\" data-type=\"attachment\" data-id=\"1989\" target=\"_blank\" rel=\"noreferrer noopener\">lien<\/a><\/td><td>Brochure Suva<br>\u00c9nergie solaire: intervenir en toute s\u00e9curit\u00e9 sur les toits -&gt; <a href=\"https:\/\/ewg-fr.ch\/wp-content\/uploads\/2022\/10\/SUVA_FR_Sicher-Energie-vom-DACH.pdf\" data-type=\"attachment\" data-id=\"1997\" target=\"_blank\" rel=\"noreferrer noopener\">lien<\/a><\/td><\/tr><tr><td>Brosch\u00fcre Selbstbau.ch<br>Leitfaden zum Selbstbau von PV-Anlagen -&gt; <a href=\"https:\/\/ewg-fr.ch\/wp-content\/uploads\/2022\/10\/Leitfaden-Selbstbau.pdf\" target=\"_blank\" rel=\"noreferrer noopener\">lien<\/a><\/td><td>Brochure Autoconstruction<br>Guide pour l&#8217;autoconstruction photovolta\u00efque -&gt; <a href=\"https:\/\/ewg-fr.ch\/wp-content\/uploads\/2022\/10\/Medien_La-Liberte_Boom-du-solaire_-manque-de-bras-sur-les-toits-fribourgeois-La-Liberte-format-journal.pdf\" data-type=\"attachment\" data-id=\"2003\" target=\"_blank\" rel=\"noreferrer noopener\">lien<\/a><\/td><\/tr><tr><td>Artikel FN<br>Sch\u00fcler bauen ein kleines Solarkraftwerk -&gt; <a href=\"https:\/\/ewg-fr.ch\/wp-content\/uploads\/2022\/10\/Schueler-bauen-ein-kleines-Solarkraftwerk-Freiburger-Nachrichten.pdf\" target=\"_blank\" rel=\"noreferrer noopener\">lien<\/a><\/td><td>La Libert\u00e9<br>Boom du solaire : manque de bras sur les toits fribourgeois -&gt; <a rel=\"noreferrer noopener\" href=\"https:\/\/ewg-fr.ch\/wp-content\/uploads\/2022\/10\/Medien_La-Liberte_Boom-du-solaire_-manque-de-bras-sur-les-toits-fribourgeois-La-Liberte-format-journal.pdf\" data-type=\"attachment\" data-id=\"2003\" target=\"_blank\">lien<\/a><\/td><\/tr><\/tbody><\/table><\/figure>\n\n\n\n<div style=\"height:30px\" aria-hidden=\"true\" class=\"wp-block-spacer\"><\/div>\n\n\n\n<h2 class=\"wp-block-heading\">Liens<\/h2>\n\n\n\n<p><strong>Selbstbau.ch<\/strong> est le site web g\u00e9n\u00e9ral des coop\u00e9ratives d'autoconstruction individuelles et ind\u00e9pendantes de Suisse -&gt; <a href=\"https:\/\/selbstbau.ch\/fr\/\" data-type=\"URL\" data-id=\"www.selbsbau.ch\" target=\"_blank\" rel=\"noreferrer noopener\">lien<\/a><\/p>\n\n\n\n<p><strong>VESE:<\/strong> Association des producteurs d\u2019\u00e9nergie ind\u00e9pendants -&gt; <a href=\"https:\/\/www.vese.ch\/fr\/\" data-type=\"URL\" data-id=\"https:\/\/www.vese.ch\/\" target=\"_blank\" rel=\"noreferrer noopener\">lien<\/a> <\/p>\n\n\n\n<p><strong>Swisssolar<\/strong> ist der Schweizerische Fachverband f\u00fcr Sonnenenergie.  -&gt; <a href=\"https:\/\/www.swissolar.ch\/nc\/fr\/\" target=\"_blank\" rel=\"noreferrer noopener\">lien<\/a><\/p>\n\n\n\n<p><strong>EVTEC:<\/strong> Bidirektionales Laden -&gt; <a href=\"https:\/\/www.evtec.ch\/en\/produkte\/sospeso\" target=\"_blank\" rel=\"noreferrer noopener\">lien<\/a><\/p>\n\n\n\n<p><strong>Auto-offre :<\/strong> Berechnen Sie selbst die Kosten ihre Photovoltaikanlage als Preisindiktion -&gt; <a href=\"https:\/\/offerte.selbstbau.ch\/index.php?lang=fr\" target=\"_blank\" rel=\"noreferrer noopener\">lien<\/a><\/p>\n\n\n\n<div style=\"height:30px\" aria-hidden=\"true\" class=\"wp-block-spacer\"><\/div>\n\n\n\n<h2 class=\"wp-block-heading\">Videos \/ Radio (d)<\/h2>\n\n\n\n<p>Umschau &#8211; Energien der Zukunft die heute schon funktionieren (Erneuerbare Energien) &#8211; vom 15.02.1989 -> <a href=\"https:\/\/www.youtube.com\/watch?v=Ksadp3jfQwQ\" data-type=\"link\" data-id=\"https:\/\/www.youtube.com\/watch?v=Ksadp3jfQwQ\">lien<\/a><\/p>\n\n\n\n<p>Arte TV &#8211; Im Kollektiv aufs Dach &#8211; Solaranlagen f\u00fcr jeden (11.2023) -><a href=\"https:\/\/www.arte.tv\/de\/videos\/110313-012-A\/re-im-kollektiv-aufs-dach\/\" data-type=\"link\" data-id=\"https:\/\/www.arte.tv\/de\/videos\/110313-012-A\/re-im-kollektiv-aufs-dach\/\"> lien<\/a><\/p>\n\n\n\n<p>BR Fernsehen &#8211; Gemeinsam aufs Dach \u00b7 Sonnenenergie f\u00fcr alle (12.2023) -> <a href=\"https:\/\/www.ardmediathek.de\/video\/dokthema\/gemeinsam-aufs-dach-sonnenenergie-fuer-alle\/br-fernsehen\/Y3JpZDovL2JyLmRlL3ZpZGVvLzhhOGMxNmM0LTI2MmEtNDA0MC1iNGIxLTVhYzA2YjE5YzFiMw\" data-type=\"link\" data-id=\"https:\/\/www.ardmediathek.de\/video\/dokthema\/gemeinsam-aufs-dach-sonnenenergie-fuer-alle\/br-fernsehen\/Y3JpZDovL2JyLmRlL3ZpZGVvLzhhOGMxNmM0LTI2MmEtNDA0MC1iNGIxLTVhYzA2YjE5YzFiMw\">lien<\/a><\/p>\n\n\n\n<p>SRF &#8211; Balkon-Solaranlagen im Test (01.2023) -> <a href=\"https:\/\/www.srf.ch\/sendungen\/kassensturz-espresso\/kassensturz\/photovoltaik-balkon-solaranlagen-im-test\" data-type=\"URL\" data-id=\"https:\/\/www.srf.ch\/sendungen\/kassensturz-espresso\/kassensturz\/photovoltaik-balkon-solaranlagen-im-test\">lien<\/a> <\/p>\n\n\n\n<p>SRF &#8211; Energiewende: Hunderte wollen Solaranlage selber bauen (01.2023) &#8211;> <a href=\"Energiewende: Hunderte wollen Solaranlage selber bauen\" data-type=\"URL\" data-id=\"Energiewende: Hunderte wollen Solaranlage selber bauen\">lien<\/a><\/p>\n\n\n\n<p>SRF &#8211; Thema Energie (16.11.2022) -&gt; <a rel=\"noreferrer noopener\" href=\"https:\/\/ewg-fr.ch\/wp-content\/uploads\/2022\/11\/SRF_ThemaENERGIE_Energiewendegenosssenschaft.mp4\" data-type=\"attachment\" data-id=\"2195\" target=\"_blank\">lien<\/a><\/p>\n\n\n\n<p>Die Solar-Pioniere: Raus aus der Energie-Kriese (SWR-Doku) -&gt; <a href=\"https:\/\/www.youtube.com\/watch?v=xnmOVgU--4k\" target=\"_blank\" rel=\"noreferrer noopener\">lien<\/a><\/p>","protected":false},"excerpt":{"rendered":"<p>Medien Print \/ Imprimer deutsch fran\u00e7ais Brosch\u00fcre EngerieSchweizSolarstrom &#8211; Eigenverbrauch optimieren -&gt; link Brochure suisse\u00e9nergieComment optimiser la consommation propre de courant solaire -&gt; lien Brosch\u00fcre SuvaSicher zu Energie vom Dach &#8230;<\/p>","protected":false},"author":2,"featured_media":0,"parent":0,"menu_order":0,"comment_status":"closed","ping_status":"closed","template":"","meta":{"footnotes":""},"class_list":["post-1833","page","type-page","status-publish","hentry"],"_links":{"self":[{"href":"https:\/\/ewg-fr.ch\/fr\/wp-json\/wp\/v2\/pages\/1833","targetHints":{"allow":["GET"]}}],"collection":[{"href":"https:\/\/ewg-fr.ch\/fr\/wp-json\/wp\/v2\/pages"}],"about":[{"href":"https:\/\/ewg-fr.ch\/fr\/wp-json\/wp\/v2\/types\/page"}],"author":[{"embeddable":true,"href":"https:\/\/ewg-fr.ch\/fr\/wp-json\/wp\/v2\/users\/2"}],"replies":[{"embeddable":true,"href":"https:\/\/ewg-fr.ch\/fr\/wp-json\/wp\/v2\/comments?post=1833"}],"version-history":[{"count":40,"href":"https:\/\/ewg-fr.ch\/fr\/wp-json\/wp\/v2\/pages\/1833\/revisions"}],"predecessor-version":[{"id":2483,"href":"https:\/\/ewg-fr.ch\/fr\/wp-json\/wp\/v2\/pages\/1833\/revisions\/2483"}],"wp:attachment":[{"href":"https:\/\/ewg-fr.ch\/fr\/wp-json\/wp\/v2\/media?parent=1833"}],"curies":[{"name":"wp","href":"https:\/\/api.w.org\/{rel}","templated":true}]}}