{"id":1629,"date":"2022-09-27T16:07:49","date_gmt":"2022-09-27T16:07:49","guid":{"rendered":"https:\/\/ewg-fr.ch\/?page_id=1629"},"modified":"2022-11-07T06:01:37","modified_gmt":"2022-11-07T06:01:37","slug":"richtofferte","status":"publish","type":"page","link":"https:\/\/ewg-fr.ch\/fr\/richtofferte\/","title":{"rendered":"Offre indicative"},"content":{"rendered":"\n<h2 class=\"wp-block-heading\">Anfrage Richtofferte<\/h2>\n\n\n<div class=\"wpforms-container wpforms-container-full wpforms-block\" id=\"wpforms-1619\"><form id=\"wpforms-form-1619\" class=\"wpforms-validate wpforms-form wpforms-ajax-form\" data-formid=\"1619\" method=\"post\" enctype=\"multipart\/form-data\" action=\"\/fr\/wp-json\/wp\/v2\/pages\/1629\" data-token=\"e9e2597694b87bc97b8f25c890608426\" data-token-time=\"1777035224\"><noscript class=\"wpforms-error-noscript\">Veuillez activer JavaScript dans votre navigateur pour remplir ce formulaire.<\/noscript><div class=\"wpforms-field-container\"><div id=\"wpforms-1619-field_22-container\" class=\"wpforms-field wpforms-field-select wpforms-field-select-style-classic\" data-field-id=\"22\"><label class=\"wpforms-field-label\" for=\"wpforms-1619-field_22\">Korrespondenzsprache <span class=\"wpforms-required-label\">*<\/span><\/label><select id=\"wpforms-1619-field_22\" class=\"wpforms-field-medium wpforms-field-required\" name=\"wpforms[fields][22]\" required=\"required\"><option value=\"Auswahl\"  class=\"choice-1 depth-1\"  >Auswahl<\/option><option value=\"deutsch\"  class=\"choice-2 depth-1\"  >deutsch<\/option><option value=\"franz\u00f6sisch\"  class=\"choice-3 depth-1\"  >franz\u00f6sisch<\/option><\/select><\/div><div id=\"wpforms-1619-field_32-container\" class=\"wpforms-field wpforms-field-checkbox\" data-field-id=\"32\"><label class=\"wpforms-field-label\">Thema <span class=\"wpforms-required-label\">*<\/span><\/label><ul id=\"wpforms-1619-field_32\" class=\"wpforms-field-required\"><li class=\"choice-1 depth-1\"><input type=\"checkbox\" id=\"wpforms-1619-field_32_1\" name=\"wpforms[fields][32][]\" value=\"Richtofferte\" required ><label class=\"wpforms-field-label-inline\" for=\"wpforms-1619-field_32_1\">Richtofferte<\/label><\/li><\/ul><\/div><div id=\"wpforms-1619-field_11-container\" class=\"wpforms-field wpforms-field-select wpforms-field-select-style-classic\" data-field-id=\"11\"><label class=\"wpforms-field-label\" for=\"wpforms-1619-field_11\">Ich w\u00fcnsche <span class=\"wpforms-required-label\">*<\/span><\/label><select id=\"wpforms-1619-field_11\" class=\"wpforms-field-large wpforms-field-required\" name=\"wpforms[fields][11]\" required=\"required\"><option value=\"Auswahl\"  class=\"choice-4 depth-1\"  >Auswahl<\/option><option value=\"Ich w\u00fcnsche eine Richtofferte mit anschliessender Beratung vor Ort\"  class=\"choice-2 depth-1\"  >Ich w\u00fcnsche eine Richtofferte mit anschliessender Beratung vor Ort<\/option><option value=\"Ich w\u00fcnsche eine Richtofferte. Aktuell w\u00fcnsche ich keine Beratung.\"  class=\"choice-3 depth-1\"  >Ich w\u00fcnsche eine Richtofferte. Aktuell w\u00fcnsche ich keine Beratung.<\/option><\/select><\/div><div id=\"wpforms-1619-field_1-container\" class=\"wpforms-field wpforms-field-name\" data-field-id=\"1\"><label class=\"wpforms-field-label\">Name <span class=\"wpforms-required-label\">*<\/span><\/label><div class=\"wpforms-field-row wpforms-field-medium\"><div class=\"wpforms-field-row-block wpforms-first wpforms-one-half\"><input type=\"text\" id=\"wpforms-1619-field_1\" class=\"wpforms-field-name-first wpforms-field-required\" name=\"wpforms[fields][1][first]\" required><label for=\"wpforms-1619-field_1\" class=\"wpforms-field-sublabel after\">Pr\u00e9nom<\/label><\/div><div class=\"wpforms-field-row-block wpforms-one-half\"><input type=\"text\" id=\"wpforms-1619-field_1-last\" class=\"wpforms-field-name-last wpforms-field-required\" name=\"wpforms[fields][1][last]\" required><label for=\"wpforms-1619-field_1-last\" class=\"wpforms-field-sublabel after\">Nom<\/label><\/div><\/div><\/div><div id=\"wpforms-1619-field_6-container\" class=\"wpforms-field wpforms-field-text\" data-field-id=\"6\"><label class=\"wpforms-field-label\" for=\"wpforms-1619-field_6\">Strasse, Nr. <span class=\"wpforms-required-label\">*<\/span><\/label><input type=\"text\" id=\"wpforms-1619-field_6\" class=\"wpforms-field-medium wpforms-field-required\" name=\"wpforms[fields][6]\" required><\/div><div id=\"wpforms-1619-field_31-container\" class=\"wpforms-field wpforms-field-text\" data-field-id=\"31\"><label class=\"wpforms-field-label\" for=\"wpforms-1619-field_31\">PLZ, Ort <span class=\"wpforms-required-label\">*<\/span><\/label><input type=\"text\" id=\"wpforms-1619-field_31\" class=\"wpforms-field-medium wpforms-field-required\" name=\"wpforms[fields][31]\" required><\/div><div id=\"wpforms-1619-field_30-container\" class=\"wpforms-field wpforms-field-text\" data-field-id=\"30\"><label class=\"wpforms-field-label\" for=\"wpforms-1619-field_30\">Telefon <span class=\"wpforms-required-label\">*<\/span><\/label><input type=\"text\" id=\"wpforms-1619-field_30\" class=\"wpforms-field-medium wpforms-field-required\" name=\"wpforms[fields][30]\" required><\/div><div id=\"wpforms-1619-field_2-container\" class=\"wpforms-field wpforms-field-email\" data-field-id=\"2\"><label class=\"wpforms-field-label\" for=\"wpforms-1619-field_2\">E-Mail <span class=\"wpforms-required-label\">*<\/span><\/label><input type=\"email\" id=\"wpforms-1619-field_2\" class=\"wpforms-field-medium wpforms-field-required\" name=\"wpforms[fields][2]\" spellcheck=\"false\" required><\/div><div id=\"wpforms-1619-field_3-container\" class=\"wpforms-field wpforms-field-select wpforms-field-select-style-classic\" data-field-id=\"3\"><label class=\"wpforms-field-label\" for=\"wpforms-1619-field_3\">Sind Sie Eigent\u00fcmer der Liegenschaft <span class=\"wpforms-required-label\">*<\/span><\/label><select id=\"wpforms-1619-field_3\" class=\"wpforms-field-large wpforms-field-required\" name=\"wpforms[fields][3]\" required=\"required\"><option value=\"Auswahl\"  class=\"choice-4 depth-1\"  >Auswahl<\/option><option value=\"Ja\"  class=\"choice-1 depth-1\"  >Ja<\/option><option value=\"Nein\"  class=\"choice-2 depth-1\"  >Nein<\/option><option value=\"Vertreter einer STWE\"  class=\"choice-3 depth-1\"  >Vertreter einer STWE<\/option><\/select><\/div><div id=\"wpforms-1619-field_25-container\" class=\"wpforms-field wpforms-field-select wpforms-field-select-style-classic\" data-field-id=\"25\"><label class=\"wpforms-field-label\" for=\"wpforms-1619-field_25\">Anzahl Bewohner im Haus <span class=\"wpforms-required-label\">*<\/span><\/label><select id=\"wpforms-1619-field_25\" class=\"wpforms-field-large wpforms-field-required\" name=\"wpforms[fields][25]\" required=\"required\"><option value=\"Auswahl\"  class=\"choice-1 depth-1\"  >Auswahl<\/option><option value=\"1\"  class=\"choice-2 depth-1\"  >1<\/option><option value=\"2\"  class=\"choice-3 depth-1\"  >2<\/option><option value=\"3\"  class=\"choice-4 depth-1\"  >3<\/option><option value=\"4\"  class=\"choice-5 depth-1\"  >4<\/option><option value=\"5\"  class=\"choice-6 depth-1\"  >5<\/option><option value=\"6\"  class=\"choice-7 depth-1\"  >6<\/option><\/select><\/div><div id=\"wpforms-1619-field_4-container\" class=\"wpforms-field wpforms-field-select wpforms-field-select-style-classic\" data-field-id=\"4\"><label class=\"wpforms-field-label\" for=\"wpforms-1619-field_4\">Dach-Typ <span class=\"wpforms-required-label\">*<\/span><\/label><select id=\"wpforms-1619-field_4\" class=\"wpforms-field-large wpforms-field-required\" name=\"wpforms[fields][4]\" required=\"required\"><option value=\"Auswahl\"  class=\"choice-5 depth-1\"  >Auswahl<\/option><option value=\"Flachdach\"  class=\"choice-1 depth-1\"  >Flachdach<\/option><option value=\"Schr\u00e4gdach\"  class=\"choice-2 depth-1\"  >Schr\u00e4gdach<\/option><option value=\"andere\"  class=\"choice-4 depth-1\"  >andere<\/option><\/select><\/div><div id=\"wpforms-1619-field_24-container\" class=\"wpforms-field wpforms-field-select wpforms-field-select-style-classic\" data-field-id=\"24\"><label class=\"wpforms-field-label\" for=\"wpforms-1619-field_24\">Dachunterkonsturktion <span class=\"wpforms-required-label\">*<\/span><\/label><select id=\"wpforms-1619-field_24\" class=\"wpforms-field-medium wpforms-field-required\" name=\"wpforms[fields][24]\" required=\"required\"><option value=\"Auswahl\"  class=\"choice-1 depth-1\"  >Auswahl<\/option><option value=\"Holz\"  class=\"choice-2 depth-1\"  >Holz<\/option><option value=\"Beton\"  class=\"choice-3 depth-1\"  >Beton<\/option><\/select><\/div><div id=\"wpforms-1619-field_5-container\" class=\"wpforms-field wpforms-field-select wpforms-field-select-style-classic\" data-field-id=\"5\"><label class=\"wpforms-field-label\" for=\"wpforms-1619-field_5\">Dachbedeckung <span class=\"wpforms-required-label\">*<\/span><\/label><select id=\"wpforms-1619-field_5\" class=\"wpforms-field-large wpforms-field-required\" name=\"wpforms[fields][5]\" required=\"required\"><option value=\"Auswahl\"  class=\"choice-6 depth-1\"  >Auswahl<\/option><option value=\"Ziegel\"  class=\"choice-1 depth-1\"  >Ziegel<\/option><option value=\"Faserzementplatten\"  class=\"choice-11 depth-1\"  >Faserzementplatten<\/option><option value=\"Wellfaserzement\"  class=\"choice-9 depth-1\"  >Wellfaserzement<\/option><option value=\"Blechfalz\"  class=\"choice-2 depth-1\"  >Blechfalz<\/option><option value=\"Trapezblech\"  class=\"choice-7 depth-1\"  >Trapezblech<\/option><option value=\"Wellblech\"  class=\"choice-8 depth-1\"  >Wellblech<\/option><option value=\"Kies\"  class=\"choice-3 depth-1\"  >Kies<\/option><option value=\"Gr\u00fcn \/ Bepflanzung\"  class=\"choice-10 depth-1\"  >Gr\u00fcn \/ Bepflanzung<\/option><\/select><\/div><div id=\"wpforms-1619-field_26-container\" class=\"wpforms-field wpforms-field-select wpforms-field-select-style-classic\" data-field-id=\"26\"><label class=\"wpforms-field-label\" for=\"wpforms-1619-field_26\">Heizung <span class=\"wpforms-required-label\">*<\/span><\/label><select id=\"wpforms-1619-field_26\" class=\"wpforms-field-medium wpforms-field-required\" name=\"wpforms[fields][26]\" required=\"required\"><option value=\"Auswahl\"  class=\"choice-1 depth-1\"  >Auswahl<\/option><option value=\"ohne Strom\"  class=\"choice-2 depth-1\"  >ohne Strom<\/option><option value=\"mit Strom\"  class=\"choice-3 depth-1\"  >mit Strom<\/option><option value=\"mit W\u00e4rmepumpe\"  class=\"choice-4 depth-1\"  >mit W\u00e4rmepumpe<\/option><\/select><\/div><div id=\"wpforms-1619-field_27-container\" class=\"wpforms-field wpforms-field-select wpforms-field-select-style-classic\" data-field-id=\"27\"><label class=\"wpforms-field-label\" for=\"wpforms-1619-field_27\">Warmwasseraufbereitung <span class=\"wpforms-required-label\">*<\/span><\/label><select id=\"wpforms-1619-field_27\" class=\"wpforms-field-medium wpforms-field-required\" name=\"wpforms[fields][27]\" required=\"required\"><option value=\"Auswahl\"  class=\"choice-1 depth-1\"  >Auswahl<\/option><option value=\"ohne Strom\"  class=\"choice-2 depth-1\"  >ohne Strom<\/option><option value=\"mit Strom\"  class=\"choice-3 depth-1\"  >mit Strom<\/option><option value=\"mit W\u00e4rmepumpe\"  class=\"choice-4 depth-1\"  >mit W\u00e4rmepumpe<\/option><\/select><\/div><div id=\"wpforms-1619-field_28-container\" class=\"wpforms-field wpforms-field-select wpforms-field-select-style-classic\" data-field-id=\"28\"><label class=\"wpforms-field-label\" for=\"wpforms-1619-field_28\">Wir besitzen ein Elektroauto <span class=\"wpforms-required-label\">*<\/span><\/label><select id=\"wpforms-1619-field_28\" class=\"wpforms-field-medium wpforms-field-required\" name=\"wpforms[fields][28]\" required=\"required\"><option value=\"Auswahl\"  class=\"choice-1 depth-1\"  >Auswahl<\/option><option value=\"Ja\"  class=\"choice-2 depth-1\"  >Ja<\/option><option value=\"Nein\"  class=\"choice-3 depth-1\"  >Nein<\/option><\/select><\/div><div id=\"wpforms-1619-field_16-container\" class=\"wpforms-field wpforms-field-select wpforms-field-select-style-classic\" data-field-id=\"16\"><label class=\"wpforms-field-label\" for=\"wpforms-1619-field_16\">M\u00f6chten Sie ihre PV-Anlage mit Selbst- und\/oder Mitbauern realisieren? <span class=\"wpforms-required-label\">*<\/span><\/label><select id=\"wpforms-1619-field_16\" class=\"wpforms-field-medium wpforms-field-required\" name=\"wpforms[fields][16]\" required=\"required\"><option value=\"Auswahl\"  class=\"choice-3 depth-1\"  >Auswahl<\/option><option value=\"Ja\"  class=\"choice-1 depth-1\"  >Ja<\/option><option value=\"Nein\"  class=\"choice-2 depth-1\"  >Nein<\/option><\/select><div class=\"wpforms-field-description\">Eine PV-Anlage kann im Selbstbau mit Selbstbauern (Mitglieder der EWR-FR) und\/oder Mitbauern (Familie, Freunde, Bekannte, Angestellten) gebaut\/installiert\/erstellt werden.<\/div><\/div><div id=\"wpforms-1619-field_9-container\" class=\"wpforms-field wpforms-field-select wpforms-field-select-style-classic\" data-field-id=\"9\"><label class=\"wpforms-field-label\" for=\"wpforms-1619-field_9\">Photovoltaik-Typ <span class=\"wpforms-required-label\">*<\/span><\/label><select id=\"wpforms-1619-field_9\" class=\"wpforms-field-large wpforms-field-required\" name=\"wpforms[fields][9]\" required=\"required\"><option value=\"Auswahl\"  class=\"choice-4 depth-1\"  >Auswahl<\/option><option value=\"Indach\"  class=\"choice-1 depth-1\"  >Indach<\/option><option value=\"Aufdach\"  class=\"choice-2 depth-1\"  >Aufdach<\/option><option value=\"offen\"  class=\"choice-3 depth-1\"  >offen<\/option><\/select><div class=\"wpforms-field-description\">Indach: Die Solarmodule sind ein Bestandteil des Daches. Dies ist eine Option wenn eine Dachrenovation ansteht.\nAufdach: Die Solarmodule werden auf dem Dach befestigt.<\/div><\/div><div id=\"wpforms-1619-field_18-container\" class=\"wpforms-field wpforms-field-select wpforms-field-select-style-classic\" data-field-id=\"18\"><label class=\"wpforms-field-label\" for=\"wpforms-1619-field_18\">M\u00f6chten Sie den Verbrauch ihres selbstproduzierten Solarstroms, mittels Verbrauchsteuerung, optimieren. <span class=\"wpforms-required-label\">*<\/span><\/label><select id=\"wpforms-1619-field_18\" class=\"wpforms-field-medium wpforms-field-required\" name=\"wpforms[fields][18]\" required=\"required\"><option value=\"Auswahl\"  class=\"choice-3 depth-1\"  >Auswahl<\/option><option value=\"Ja\"  class=\"choice-1 depth-1\"  >Ja<\/option><option value=\"Nein\"  class=\"choice-2 depth-1\"  >Nein<\/option><\/select><div class=\"wpforms-field-description\">Info zur Optimierung des Eingenverbrauchs finden Sie unter https:\/\/ewg-fr.ch\/fragen-und-antworten\/<\/div><\/div><div id=\"wpforms-1619-field_19-container\" class=\"wpforms-field wpforms-field-select wpforms-field-select-style-classic\" data-field-id=\"19\"><label class=\"wpforms-field-label\" for=\"wpforms-1619-field_19\">M\u00f6chten Sie ihren selbstproduzierten Solarstrom auch in der Nacht, mittels Batteriespeicher, verbrauchen k\u00f6nnen. <span class=\"wpforms-required-label\">*<\/span><\/label><select id=\"wpforms-1619-field_19\" class=\"wpforms-field-medium wpforms-field-required\" name=\"wpforms[fields][19]\" required=\"required\"><option value=\"Auswahl\"  class=\"choice-3 depth-1\"  >Auswahl<\/option><option value=\"Ja\"  class=\"choice-1 depth-1\"  >Ja<\/option><option value=\"Nein\"  class=\"choice-2 depth-1\"  >Nein<\/option><\/select><div class=\"wpforms-field-description\">Info zu Batteriespeicher finden Sie unter https:\/\/ewg-fr.ch\/fragen-und-antworten\/<\/div><\/div><div id=\"wpforms-1619-field_20-container\" class=\"wpforms-field wpforms-field-select wpforms-field-select-style-classic\" data-field-id=\"20\"><label class=\"wpforms-field-label\" for=\"wpforms-1619-field_20\">M\u00f6chten Sie eine PV-Anlage mit einer Notstromumschaltung realisieren. <span class=\"wpforms-required-label\">*<\/span><\/label><select id=\"wpforms-1619-field_20\" class=\"wpforms-field-medium wpforms-field-required\" name=\"wpforms[fields][20]\" required=\"required\"><option value=\"Auswahl\"  class=\"choice-3 depth-1\"  >Auswahl<\/option><option value=\"Ja\"  class=\"choice-1 depth-1\"  >Ja<\/option><option value=\"Nein\"  class=\"choice-2 depth-1\"  >Nein<\/option><\/select><div class=\"wpforms-field-description\">Info zur Notstromumschaltung finden Sie unter https:\/\/ewg-fr.ch\/fragen-und-antworten\/   Eine Notstromumschaltung setzt einen Batteriespeicher voraus.<\/div><\/div><div id=\"wpforms-1619-field_21-container\" class=\"wpforms-field wpforms-field-select wpforms-field-select-style-classic\" data-field-id=\"21\"><label class=\"wpforms-field-label\" for=\"wpforms-1619-field_21\">M\u00f6chten Sie eine Ladestation (Wallbox) realisieren? <span class=\"wpforms-required-label\">*<\/span><\/label><select id=\"wpforms-1619-field_21\" class=\"wpforms-field-medium wpforms-field-required\" name=\"wpforms[fields][21]\" required=\"required\"><option value=\"Auswahl\"  class=\"choice-4 depth-1\"  >Auswahl<\/option><option value=\"sp\u00e4ter nachr\u00fcsten k\u00f6nnen\"  class=\"choice-3 depth-1\"  >sp\u00e4ter nachr\u00fcsten k\u00f6nnen<\/option><option value=\"Ja\"  class=\"choice-1 depth-1\"  >Ja<\/option><option value=\"Nein\"  class=\"choice-2 depth-1\"  >Nein<\/option><\/select><div class=\"wpforms-field-description\">Info zu Ladestation\/Wallbox finden Sie unter https:\/\/ewg-fr.ch\/fragen-und-antworten\/<\/div><\/div><div id=\"wpforms-1619-field_12-container\" class=\"wpforms-field wpforms-field-textarea\" data-field-id=\"12\"><label class=\"wpforms-field-label\" for=\"wpforms-1619-field_12\">Bemerkungen<\/label><textarea id=\"wpforms-1619-field_12\" class=\"wpforms-field-medium\" name=\"wpforms[fields][12]\" ><\/textarea><\/div><\/div><!-- .wpforms-field-container --><div class=\"wpforms-submit-container\" ><input type=\"hidden\" name=\"wpforms[id]\" value=\"1619\"><input type=\"hidden\" name=\"page_title\" value=\"\"><input type=\"hidden\" name=\"page_url\" value=\"https:\/\/ewg-fr.ch\/fr\/wp-json\/wp\/v2\/pages\/1629\"><input type=\"hidden\" name=\"url_referer\" value=\"\"><button type=\"submit\" name=\"wpforms[submit]\" id=\"wpforms-submit-1619\" class=\"wpforms-submit\" data-alt-text=\"Senden\u2026\" data-submit-text=\"Absenden\" aria-live=\"assertive\" value=\"wpforms-submit\">Absenden<\/button><img loading=\"lazy\" decoding=\"async\" src=\"https:\/\/ewg-fr.ch\/wp-content\/plugins\/wpforms-lite\/assets\/images\/submit-spin.svg\" class=\"wpforms-submit-spinner\" style=\"display: none;\" width=\"26\" height=\"26\" alt=\"Chargement en cours\"><\/div><\/form><\/div>  <!-- .wpforms-container -->","protected":false},"excerpt":{"rendered":"<p>Demande d'offre indicative<\/p>","protected":false},"author":1,"featured_media":0,"parent":0,"menu_order":0,"comment_status":"closed","ping_status":"closed","template":"","meta":{"footnotes":""},"class_list":["post-1629","page","type-page","status-publish","hentry"],"_links":{"self":[{"href":"https:\/\/ewg-fr.ch\/fr\/wp-json\/wp\/v2\/pages\/1629","targetHints":{"allow":["GET"]}}],"collection":[{"href":"https:\/\/ewg-fr.ch\/fr\/wp-json\/wp\/v2\/pages"}],"about":[{"href":"https:\/\/ewg-fr.ch\/fr\/wp-json\/wp\/v2\/types\/page"}],"author":[{"embeddable":true,"href":"https:\/\/ewg-fr.ch\/fr\/wp-json\/wp\/v2\/users\/1"}],"replies":[{"embeddable":true,"href":"https:\/\/ewg-fr.ch\/fr\/wp-json\/wp\/v2\/comments?post=1629"}],"version-history":[{"count":2,"href":"https:\/\/ewg-fr.ch\/fr\/wp-json\/wp\/v2\/pages\/1629\/revisions"}],"predecessor-version":[{"id":2140,"href":"https:\/\/ewg-fr.ch\/fr\/wp-json\/wp\/v2\/pages\/1629\/revisions\/2140"}],"wp:attachment":[{"href":"https:\/\/ewg-fr.ch\/fr\/wp-json\/wp\/v2\/media?parent=1629"}],"curies":[{"name":"wp","href":"https:\/\/api.w.org\/{rel}","templated":true}]}}