{"id":1573,"date":"2022-09-25T08:54:26","date_gmt":"2022-09-25T08:54:26","guid":{"rendered":"https:\/\/ewg-fr.ch\/?page_id=1573"},"modified":"2025-06-21T10:08:49","modified_gmt":"2025-06-21T10:08:49","slug":"fragen-und-antworten","status":"publish","type":"page","link":"https:\/\/ewg-fr.ch\/fr\/fragen-und-antworten\/","title":{"rendered":"Questions et r\u00e9ponses"},"content":{"rendered":"<h2 class=\"wp-block-heading\">Questions et r\u00e9ponses<\/h2>\n\n\n\n<p><strong>Qui peut installer un syst\u00e8me photovolta\u00efque ?<\/strong><br>Grunds\u00e4tzlich darf sich jede Privatperson und jedes Unternehmen eine Photovoltaikanlage (PV-Anlage) anschaffen. Im Einzelfall h\u00e4ngt das aber von Ihren Wohnverh\u00e4ltnissen ab: Geh\u00f6rt Ihnen die Liegenschaft, so k\u00f6nnen Sie diese Entscheidung in der Regel alleine treffen. Wohnen Sie in einer Eigentums- oder Mietwohnung m\u00fcssen die (Mit-)Eigent\u00fcmerInnen bzw. die VermieterInnen zustimmen.<\/p>\n\n\n\n<p><strong>Comment fonctionne une Installation photovolta\u00efque?<\/strong><br>Une installation PV transforme la lumi\u00e8re du soleil en courant \u00e9lectrique continu (DC) selon le principe photo-\u00e9lectrique. Le courant continu produit est transport\u00e9 par des c\u00e2bles \u00e9lectriques jusqu'\u00e0 l'onduleur et transform\u00e9 en courant alternatif (AC). Le courant alternatif circule vers le tableau \u00e9lectrique et alimente la maison en \u00e9lectricit\u00e9 solaire o\u00f9 les consommateurs (par ex. lampes, t\u00e9l\u00e9viseurs, ordinateurs, etc.) sont aliment\u00e9s en \u00e9lectricit\u00e9 solaire.<\/p>\n\n\n\n<p><strong>Quels sont les composants n\u00e9cessaires \u00e0 la construction d'une installation PV ?<\/strong><br>&nbsp;\u2013 Une sous-structure (UK) et des modules PV qui sont install\u00e9s sur le toit.<br>&nbsp;\u2013 Onduleur (OND) qui convertit le courant continu du toit en courant alternatif<br>&nbsp;&#8211; Kabel welche zum einen zwischen PV-Modulen und WR sowie zwischen WR und Schaltschank verlegt werden.&nbsp;<\/p>\n\n\n\n<p><strong>Quels sont les composants qui peuvent \u00eatre ajout\u00e9s \u00e0 une installation PV ?<\/strong><br>\u00a0&#8211; Batteriespeicher, dieser kann das Haus in der Nacht o. an sonnenarmen Tagen mit Strom versorgen und den Eigenverbrauch erh\u00f6hen<br>\u00a0\u2013 Une borne de recharge murale (wallbox) est n\u00e9cessaire pour recharger une voiture \u00e9lectrique.<br>\u00a0&#8211; Heim-Energie-Management-System (HEMS) ist ein intelligentes und individuell konfigurierbares Managementsystem zur Optimierung des Eigenverbrauchs. zb. Warmwasser-Erw\u00e4rmung <br>\u00a0\u2013 autres<\/p>\n\n\n\n<p><strong>Ta maison est-elle adapt\u00e9e \u00e0 une installation photovolta\u00efque ?<\/strong><br>Idealerweise ist ein Haus freistehend und hat ein m\u00f6glichst nach S\u00fcden ausgerichtetes Dach. Auch Flachd\u00e4cher funktionieren gut und eine gering Verschattung ist ebenfalls positiv. Bei einem Ost-West ausgerichteten Dach produziert die Photovoltaik-Anlage per Saldo zwar etwas weniger Strom als auf einem S\u00fcddach, daf\u00fcr liegt die Menge n\u00e4her am konkreten Eigenbedarf. Das bedeutet, es muss weniger Strom gespeichert oder ins \u00f6ffentliche Netz zur\u00fcck gespeist werden.<\/p>\n\n\n\n<p><strong>Quels sont les diff\u00e9rents types d'installations PV ?<\/strong><br>Eine PV-Anlage kann je nach Hersteller und Produktewahl einen unterschiedlichen Funktionsumfang haben. <br>\u00a0<br>\u00a0\u2013 Installation PV :<br>\u00a0-> bei einem Stromausfall, f\u00e4llt auch die PV-Anlage aus und es wird kein Solarstrom mehr produziert.<br>\u00a0Ce type d'installation est aujourd'hui le standard et fortement r\u00e9pandu dans toute la Suisse.<\/p>\n\n\n\n<p>\u2013 Installation PV avec accumulateur \u00e0 batterie :<br>\u00a0-> bei einem Stromausfall, f\u00e4llt auch die PV-Anlage aus und es wird kein Solarstrom mehr produziert. Das Haus wird weiterhin,\u00a0aus dem Speicher, mit dem gespeicherten Solarstrom\u00a0versorgt, bis dieser leer ist.<\/p>\n\n\n\n<p>\u2013 Installation PV avec stockage sur batterie et commutation de secours :<br>\u00a0-> bei einem Stromausfall kommt es zu einer Notstromumschaltung. Die PV-Anlage kann weiterhin Solarstrom produzieren und dedizierte Verbraucher, im Haus, mit Strom versorgen. Am Abend kann der gespeicherte Solarstrom aus dem Batteriespeicher bezogen werden. Ist die PV-Anlage schwarzstartf\u00e4hig dann startet dies, automatisch, beim ersten Sonnenschein wieder und produziert Solarstrom f\u00fcr Haus und Batteriespeicher.<\/p>\n\n\n\n<p>HINWEIS: F\u00fcr die Funktion &#8222;Notstromumschaltung&#8220; ist ein Batteriespeicher Voraussetzung sowie ein erweiterter Ausbau des Schaltschranks oder die Installation einer Netzumschaltbox (Bsp: Enwitec)<br><br><strong>Quelle devrait \u00eatre la taille de l'installation photovolta\u00efque ?<br><\/strong>Die PV-Anlage nur so klein zu dimensionieren, dass sie f\u00fcr den Eigenverbrauch optimiert ist, stellt oft &nbsp;nicht die wirtschaftlich beste Variante dar, da kleine Anlagen pro Kilowatt Leistung teurer sind als gr\u00f6ssere.&nbsp;Deshalb sind gr\u00f6ssere Anlagen meist lohnender. Die Grenze setzen dann die verf\u00fcgbare Dachfl\u00e4che und das eigene Budget.<\/p>\n\n\n\n<p><strong>Exc\u00e9dent d'\u00e9lectricit\u00e9 solaire, qu'est-ce que c'est ?<\/strong><strong><br><\/strong>Von Solarstrom-\u00dcberschuss spricht am, wenn mehr Storm auf dem Dach produziert wird, als man selbst verbraucht. Oft wird \u00dcberschuss-Strom ins lokale Stromnetz eingespeist und somit an den lokalen Netzbetreiber (z.B. Groupe-e) verkauft.<\/p>\n\n\n\n<p><strong>Que signifie autoconsommation ?<\/strong><br>Eigenverbrauch bedeutet, den von der Photovoltaikanlage erzeugten, Solarstrom selbst zu verbrauchen. Das hei\u00dft, der produzierte Solarstrom wird von Ihrer Anlage auf dem Dach direkt zu den Verbrauchern im Haus geleitet. Erfahrungsgem\u00e4ss liegt der Eigenverbrauch (ohne Energie-Management-System) bei ca. 30% des j\u00e4hrlich produzierten Solarstroms. Ca. 70% des Solarstroms werden also ins Netz eingespeist.<\/p>\n\n\n\n<p><strong>Wie kann man den Eigenverbrauch maximieren?<br><\/strong>Damit der Eigenverbrauch maximiert und m\u00f6glichst viel Solarstrom selbst verbraucht werden kann, wird ein Energie-Management-System ben\u00f6tigt, die die gr\u00f6ssten eingebundenen Verbraucher (W\u00e4rmepumpe, Boiler etc.) automatisch mit Solarstrom-\u00dcberschuss versorgt. Auch ein Batteriespeicher unterst\u00fctzt die Optimierung des Eigenverbrauchs.<br>En maximisant l'autoconsommation, il est possible d'acheter moins d'\u00e9lectricit\u00e9 et d'\u00e9conomiser de l'argent, ce qui r\u00e9duit la dur\u00e9e d'amortissement de l'installation photovolta\u00efque.<\/p>\n\n\n\n<p><strong>Qu'est-ce que l'autarcie ?<\/strong><br>Lorsque l'on parle d'autarcie dans le contexte du photovolta\u00efque, on entend par l\u00e0 l'ind\u00e9pendance vis-\u00e0-vis du fournisseur d'\u00e9lectricit\u00e9. Plus on produit et utilise soi-m\u00eame de l'\u00e9lectricit\u00e9, plus on est autosuffisant, car il faut acheter moins d'\u00e9lectricit\u00e9. Celui qui produit lui-m\u00eame toute son \u00e9lectricit\u00e9 vit donc en grande partie en autarcie en ce qui concerne l'approvisionnement en \u00e9nergie.<\/p>\n\n\n\n<p><strong>Was macht ein Batteriespeicher -> Solarspeicher -> Stromspeicher?<\/strong><br>Ein Batteriesysteme f\u00fcr PV-Anlagen speichert tags\u00fcber Strom, der \u00fcber Nacht oder an tr\u00fcben Tagen verbraucht werden kann. Der Stromspeicher liefert Energie, sobald im Haus mehr verbraucht als produziert wird. Speichersysteme k\u00f6nnen gleich bei der Installation einer Anlage eingesetzt werden, lassen sich aber auch bei bestehenden Anlagen nachr\u00fcsten. Neuere PV-Wechselrichter (Hybrid) erlauben sogar eine Plug-and-play-Nachr\u00fcstung ohne gro\u00dfen Installationsaufwand.<\/p>\n\n\n\n<p><strong>Ist die Beschaffung eines Batteriespeichers sinnvoll?<\/strong><br>Mit der Nutzung eines Batteriespeicher wird der Eigenverbrauch erh\u00f6ht. Das heisst, ein Batteriespeicher wird tags\u00fcber mit g\u00fcnstigem Solarstrom aufgeladen, welche in der Nacht oder an sonnenarmen Tagen den Strom wieder ans Haus abgibt, statt teuren Strom vom Energieerzeuger zu beziehen. Damit reduziert sich ihre Stromrechnung.<br>Fazit: Ein Batteriespeicher kann eine sinnvolle und wirtschaftliche Anschaffung sein. Dies speziell in Kombination mit einem Elektroauto.<\/p>\n\n\n\n<p><strong>Peut-on charger une voiture \u00e9lectrique avec un accumulateur de batterie ?<\/strong><br>Je nach Fahrzeug verbrauchen Elektroautos zwischen 15 und 22 kWh auf 100 km. F\u00fcr das Laden einer fast leeren Batterie ben\u00f6tigt man schnell mal 20 bis 40 kWh, je nach Fahrzeug. Bei Groupe-e kostet 1kWh im Niedertarif 18.81Rp. (Tarif Plus\/2025). Ein Laden einer fast leeren Batterie kostet damit ca. 4 &#8211; 8 Franken. Zum Vergleich: 1 kWh Batteriespeicher kostet zwischen 500.- bis 700.-.  Fazit: Einen Batteriespeicher ausschliesslich f\u00fcr das Laden eines Elektroautos zu nutzten ist eine kostspielige Angelegenheit und aus \u00f6kologischer und wirtschaftlicher Sicht wenig Sinnvoll. <\/p>\n\n\n\n<p><strong>\u00c0 quoi sert une borne de recharge murale (Wallbox) ?<\/strong><br>La station de recharge murale permet de connecter votre voiture \u00e9lectrique au r\u00e9seau \u00e9lectrique. Gr\u00e2ce \u00e0 cette connexion, vous avez la possibilit\u00e9 de recharger votre voiture \u00e9lectrique avec de l'\u00e9nergie solaire ou du courant du r\u00e9seau \u00e9lectrique. Les stations de recharge modernes peuvent contr\u00f4ler la puissance de charge en alternant entre monophas\u00e9 et triphas\u00e9, ce qui permet de charger la voiture avec de l'\u00e9lectricit\u00e9 solaire m\u00eame en cas de faible production d'\u00e9lectricit\u00e9 solaire.<\/p>\n\n\n\n<p><strong>Une installation photovolta\u00efque augmente-t-elle la valeur de mon bien immobilier ?<\/strong><br>Avec la construction d'une installation PV, on peut en g\u00e9n\u00e9ral partir du principe que votre bien immobilier va prendre de la valeur. Dans ce contexte, il est conseill\u00e9 de d\u00e9clarer une installation PV \u00e0 votre assurance de b\u00e2timents.<\/p>\n\n\n\n<p><strong>Existe-t-il des subventions pour une installation PV ?<\/strong><br>Les nouvelles installations PV sont encourag\u00e9es dans toute la Suisse. Le montant de la subvention que vous pouvez demander d\u00e9pend de la puissance totale des modules PV install\u00e9s sur votre toit. Les subventions sont accord\u00e9es et vers\u00e9es par l'entreprise Pronovo. <a rel=\"noreferrer noopener\" href=\"https:\/\/pronovo.ch\/fr\/services\/tarificateur\/\" target=\"_blank\"><u>Calculateur de subvention<\/u><\/a>.<\/p>\n\n\n\n<p><strong>Peut-on d\u00e9duire les co\u00fbts d'investissement des imp\u00f4ts ?<\/strong><br>Investitionskosten f\u00fcr eine Photovoltaik-Anlage k\u00f6nnen im Kanton Freiburg, steuerlich in Abzug gebracht werden.<br>Remarque : les co\u00fbts d'investissement pour le stockage par batterie ne b\u00e9n\u00e9ficient pas d'avantages fiscaux.<\/p>\n\n\n\n<p><strong>En combien de temps puis-je r\u00e9aliser mon installation photovolta\u00efque ?<\/strong><br>Die prognostizierte Energie- und Stromknappheit hat einen \u201cRun\u201d in der Photovoltaik-Branche ausgel\u00f6st. Wartezeiten f\u00fcr eine Montage einer PV-Anlage konnte mehrere Monate dauern. Mittlerweilen hat sich diese Situation entschl\u00e4ft. <br>Heute k\u00f6nnen PV-Anlagen innerhalt weniger Wochen realisiert werden. Kontaktieren Sie uns. Wir werden zeitnah zur\u00fcckrufen oder Ihnen gerne eine Richtofferte zukommen lassen. <\/p>","protected":false},"excerpt":{"rendered":"<p>Fragen und Antworten Wer darf eine Photovoltaik-Anlage installieren?Grunds\u00e4tzlich darf sich jede Privatperson und jedes Unternehmen eine Photovoltaikanlage (PV-Anlage) anschaffen. Im Einzelfall h\u00e4ngt das aber von Ihren Wohnverh\u00e4ltnissen ab: Geh\u00f6rt Ihnen &#8230;<\/p>","protected":false},"author":1,"featured_media":0,"parent":0,"menu_order":0,"comment_status":"closed","ping_status":"closed","template":"","meta":{"footnotes":""},"class_list":["post-1573","page","type-page","status-publish","hentry"],"_links":{"self":[{"href":"https:\/\/ewg-fr.ch\/fr\/wp-json\/wp\/v2\/pages\/1573","targetHints":{"allow":["GET"]}}],"collection":[{"href":"https:\/\/ewg-fr.ch\/fr\/wp-json\/wp\/v2\/pages"}],"about":[{"href":"https:\/\/ewg-fr.ch\/fr\/wp-json\/wp\/v2\/types\/page"}],"author":[{"embeddable":true,"href":"https:\/\/ewg-fr.ch\/fr\/wp-json\/wp\/v2\/users\/1"}],"replies":[{"embeddable":true,"href":"https:\/\/ewg-fr.ch\/fr\/wp-json\/wp\/v2\/comments?post=1573"}],"version-history":[{"count":13,"href":"https:\/\/ewg-fr.ch\/fr\/wp-json\/wp\/v2\/pages\/1573\/revisions"}],"predecessor-version":[{"id":2499,"href":"https:\/\/ewg-fr.ch\/fr\/wp-json\/wp\/v2\/pages\/1573\/revisions\/2499"}],"wp:attachment":[{"href":"https:\/\/ewg-fr.ch\/fr\/wp-json\/wp\/v2\/media?parent=1573"}],"curies":[{"name":"wp","href":"https:\/\/api.w.org\/{rel}","templated":true}]}}