{"id":1568,"date":"2022-09-25T08:42:42","date_gmt":"2022-09-25T08:42:42","guid":{"rendered":"https:\/\/ewg-fr.ch\/?page_id=1568"},"modified":"2024-05-04T12:19:00","modified_gmt":"2024-05-04T12:19:00","slug":"begrifflichkeiten","status":"publish","type":"page","link":"https:\/\/ewg-fr.ch\/fr\/begrifflichkeiten\/","title":{"rendered":"D\u00e9finitions"},"content":{"rendered":"<h2 class=\"wp-block-heading\">D\u00e9finitions<\/h2>\n\n\n\n<p><strong>Autoconstruction <\/strong><strong><br><\/strong>Le terme \"autoconstruction\" d\u00e9signe le montage d'une installation photovolta\u00efque (PV), g\u00e9n\u00e9ralement sur le toit de sa propre maison, avec l'aide d'autoconstructeurs et\/ou de co-constructeurs. Le montage comprend l'installation d'une sous-construction (SC) ainsi que la fixation des modules PV sur la SC. L'autoconstruction comprend \u00e9galement le c\u00e2blage des modules PV ainsi que la pose des c\u00e2bles jusqu'au bo\u00eetier de raccordement de g\u00e9n\u00e9rateur (GAK).<\/p>\n\n\n\n<p><strong>Ma\u00eetre d&#039;ouvrage<\/strong><br>Als&nbsp;Bauherr&nbsp;sind Sie rechtlicher und wirtschaftlich verantwortlicher&nbsp;Auftraggeber gegen\u00fcber der EWG-FR. Zusammen mit dem EWG-FR Planer planen Sie Ihre PV-Anlage und erteilen Auftr\u00e4ge und koordinieren Ger\u00fcstbau und Elektroinstallation. Der Planer kann Sie, bei Bedarf, bei der Suche nach geeignetem Ger\u00fcstbau- und Elektrounternehmen unterst\u00fctzen. Als Bauherr montieren Sie zusammen mit ihrer Selbst-\/Mitbaugruppe, unter Anleitung und Aufsicht eines EWG-FR Bauleiters, ihre PV-Anlage auf dem Dach.<\/p>\n\n\n\n<p><strong>Groupe d'auto-construction \/ de co-construction<\/strong><br>Une installation PV peut \u00eatre construite\/install\u00e9e\/fabriqu\u00e9e en autoconstruction avec des <strong>autoconstructeurs<\/strong> (membres d'Autovoltaic-FR) et\/ou des <strong>co-constructeurs<\/strong> (famille, amis, connaissances, employ\u00e9s).<br>Si vous construisez votre installation PV avec l'aide d'autoconstructeurs, vous pouvez restituer la somme des heures fournies par les autoconstructeurs dans la m\u00eame mesure ou payer ces heures fournies. Si vous construisez votre installation PV avec des amis, par exemple, c'est vous, en tant que ma\u00eetre d'ouvrage, qui d\u00e9terminez \u00e0 votre gr\u00e9 la forme et le montant de la r\u00e9mun\u00e9ration de vos co-constructeurs.<\/p>\n\n\n\n<p><strong>Planificateur Autovoltaic-FR<\/strong><br>Le planificateur est votre premier contact avec Autovoltaic-FR et vous accompagne de A \u00e0 Z dans l'installation de votre syst\u00e8me photovolta\u00efque. Ses t\u00e2ches sont entre autres :<br>&nbsp;\u2013 Conseils initiaux\/\u00e9tablissement d'une offre indicative\/offre d\u00e9taill\u00e9e<br>&nbsp;\u2013 Planifie l'installation PV de A \u00e0 Z en concertation avec le ma\u00eetre d'ouvrage.<br>&nbsp;\u2013 Etablit et soumet les demandes d'autorisation et de subvention.&nbsp;<br>&nbsp;\u2013 Coordination et surveillance de la r\u00e9alisation dans les r\u00e8gles de l'art y compris la commande de mat\u00e9riel.<br>&nbsp;\u2013 Mise en service et contr\u00f4le final et de r\u00e9ception de votre installation PV.<\/p>\n\n\n\n<p><strong>Chef de chantier Autovoltaic-FR<\/strong><br>Le chef de chantier Autovoltaic-FR accompagne le montage de l'installation PV sur le toit. Il guide le ma\u00eetre d'ouvrage ainsi que l'\u00e9quipe d'autoconstruction et\/ou de co-construction lors du montage et assure un montage professionnel, conform\u00e9ment \u00e0 la planification. Le chef de chantier proc\u00e8de \u00e9galement \u00e0 un contr\u00f4le\/une mesure finale. Si n\u00e9cessaire, le chef de chantier met \u00e0 disposition des outils de montage (par ex. visseuse sans fil, etc.).<\/p>\n\n\n\n<p><strong>\u00c9lectricien<\/strong><br>L'\u00e9lectricit\u00e9 solaire produite sur le toit (courant continu) est transform\u00e9e en courant alternatif dans l'onduleur (OND). Le courant alternatif est la forme d'\u00e9lectricit\u00e9 utilis\u00e9e et consomm\u00e9e dans la maison. Pour que le courant solaire puisse circuler dans la maison \u00e0 partir de la prise, une installation \u00e9lectrique est n\u00e9cessaire entre l'onduleur et le tableau \u00e9lectrique. Pour cela, le ma\u00eetre d'ouvrage fait appel \u00e0 une entreprise d'installation \u00e9lectrique. <\/p>\n\n\n\n<p><strong>Fournisseur d'\u00e9chafaudages<\/strong><br>Die Sicherheit und der Gesundheitsschutz, beim Bau einer PV-Anlage, steht f\u00fcr alle Beteiligten wie Bauherr, Montageteam, Bauleiter u.a. an erster Stelle.  I.d.R. wird f\u00fcr den Bau einer PVA-Anlage ein Ger\u00fcst zum Kollektivschutz ben\u00f6tigt. Dies ist eine technische Massnahme, die Personen unabh\u00e4ngig ihrer Ausr\u00fcstung und ihres Verhaltens sch\u00fctzt (z. B. Gel\u00e4nder, Seitenschutz, Ger\u00fcst, Auffangnetz, Durchsturzgitter). Als Bauherr beauftragen Sie einen Ger\u00fcstbauunternehmen, das mit einem SUVA-konformen Ger\u00fcst f\u00fcr Sicherheit und Gesundheitsschutz sorgt.<\/p>","protected":false},"excerpt":{"rendered":"<p>Begrifflichkeiten Selbstbau Unter dem Begriff \u201cSelbstbau\u201d versteht man die Montage einer Photovoltaik-Anlage (PV-Anlage), i.d.R. auf dem eigenen Hausdach, mit Hilfe von Selbst- und\/oder Mitbauern. Die Montage umfasst die Installation einer &#8230;<\/p>","protected":false},"author":1,"featured_media":0,"parent":0,"menu_order":0,"comment_status":"closed","ping_status":"closed","template":"","meta":{"footnotes":""},"class_list":["post-1568","page","type-page","status-publish","hentry"],"_links":{"self":[{"href":"https:\/\/ewg-fr.ch\/fr\/wp-json\/wp\/v2\/pages\/1568","targetHints":{"allow":["GET"]}}],"collection":[{"href":"https:\/\/ewg-fr.ch\/fr\/wp-json\/wp\/v2\/pages"}],"about":[{"href":"https:\/\/ewg-fr.ch\/fr\/wp-json\/wp\/v2\/types\/page"}],"author":[{"embeddable":true,"href":"https:\/\/ewg-fr.ch\/fr\/wp-json\/wp\/v2\/users\/1"}],"replies":[{"embeddable":true,"href":"https:\/\/ewg-fr.ch\/fr\/wp-json\/wp\/v2\/comments?post=1568"}],"version-history":[{"count":8,"href":"https:\/\/ewg-fr.ch\/fr\/wp-json\/wp\/v2\/pages\/1568\/revisions"}],"predecessor-version":[{"id":2455,"href":"https:\/\/ewg-fr.ch\/fr\/wp-json\/wp\/v2\/pages\/1568\/revisions\/2455"}],"wp:attachment":[{"href":"https:\/\/ewg-fr.ch\/fr\/wp-json\/wp\/v2\/media?parent=1568"}],"curies":[{"name":"wp","href":"https:\/\/api.w.org\/{rel}","templated":true}]}}