{"id":1559,"date":"2022-09-25T08:08:01","date_gmt":"2022-09-25T08:08:01","guid":{"rendered":"https:\/\/ewg-fr.ch\/?page_id=1559"},"modified":"2024-05-05T07:40:37","modified_gmt":"2024-05-05T07:40:37","slug":"wissen","status":"publish","type":"page","link":"https:\/\/ewg-fr.ch\/fr\/wissen\/","title":{"rendered":"Connaissance"},"content":{"rendered":"<div style=\"height:30px\" aria-hidden=\"true\" class=\"wp-block-spacer\"><\/div>\n\n\n\n<h2 class=\"gb-headline gb-headline-45ba81df gb-headline-text\">Connaissance<\/h2>\n\n\n\n<div style=\"height:30px\" aria-hidden=\"true\" class=\"wp-block-spacer\"><\/div>\n\n\n\n<h3 class=\"wp-block-heading\">D\u00e9finitions \/ Bon \u00e0 savoir <\/h3>\n\n\n<div class=\"gb-container gb-container-c94a79e7\">\n\n<p><strong>Ma\u00eetre d&#039;ouvrage<\/strong><br>Als\u00a0Bauherr\u00a0sind Sie rechtlicher und wirtschaftlich verantwortlicher\u00a0Auftraggeber\u00a0gegen\u00fcber der EWG-FR. Zusammen mit dem Planer planen Sie Ihre PV-Anlage und erteilen Auftr\u00e4ge und koordinieren Ger\u00fcstbau und Elektroinstallation. Der Planer kann Sie, bei Bedarf, bei der Suche nach geeignetem Ger\u00fcstbau- und Elektrounternehmen unterst\u00fctzen. -> <a href=\"https:\/\/ewg-fr.ch\/fr\/begrifflichkeiten\/\" data-type=\"page\" data-id=\"1568\"><strong>plus<\/strong><\/a><\/p>\n\n<\/div>\n\n\n<p><\/p>\n\n\n<div class=\"gb-container gb-container-fd24254e\"><div class=\"gb-inside-container\">\n<div class=\"gb-grid-wrapper gb-grid-wrapper-a2f88bf4\">\n<div class=\"gb-grid-column gb-grid-column-0045d340\"><div class=\"gb-container gb-container-0045d340\"><div class=\"gb-inside-container\">\n\n<figure class=\"wp-block-image size-full\"><img loading=\"lazy\" decoding=\"async\" width=\"790\" height=\"203\" src=\"https:\/\/ewg-fr.ch\/wp-content\/uploads\/2022\/09\/WISSEN-3-BILDER.jpg\" alt=\"\" class=\"wp-image-1807\" srcset=\"https:\/\/ewg-fr.ch\/wp-content\/uploads\/2022\/09\/WISSEN-3-BILDER.jpg 790w, https:\/\/ewg-fr.ch\/wp-content\/uploads\/2022\/09\/WISSEN-3-BILDER-300x77.jpg 300w, https:\/\/ewg-fr.ch\/wp-content\/uploads\/2022\/09\/WISSEN-3-BILDER-768x197.jpg 768w, https:\/\/ewg-fr.ch\/wp-content\/uploads\/2022\/09\/WISSEN-3-BILDER-18x5.jpg 18w\" sizes=\"auto, (max-width: 790px) 100vw, 790px\" \/><\/figure>\n\n<\/div><\/div><\/div>\n<\/div>\n<\/div><\/div>\n\n\n<div style=\"height:30px\" aria-hidden=\"true\" class=\"wp-block-spacer\"><\/div>\n\n\n\n<p><\/p>\n\n\n\n<h3 class=\"wp-block-heading\">Questions \/ R\u00e9ponses<\/h3>\n\n\n\n<p><strong>Comment fonctionne une Installation photovolta\u00efque?<\/strong><br>Eine PV-Anlage wandelt Sonnenlicht in elektrischen Gleichstrom (DC), nach dem photo-elektrischen Prinzip, um. Der produzierte Gleichstrom wird \u00fcber Stromkabel zum Wechselrichter transportiert und in Wechselstrom (AC) umgewandelt wird. Der Wechselstrom fliesst zum Schaltschrank (Tableau) und speist den Solarstrom ins Haus ein, wo Verbraucher (zB. Lampen Fernseher, Computer etc.) mit Solarstrom betrieben werden. -> <a href=\"https:\/\/ewg-fr.ch\/fr\/fragen-und-antworten\/\" data-type=\"page\" data-id=\"1573\"><strong>plus<\/strong><\/a><\/p>\n\n\n\n<div style=\"height:30px\" aria-hidden=\"true\" class=\"wp-block-spacer\"><\/div>\n\n\n<div class=\"gb-container gb-container-26d415b8\"><div class=\"gb-inside-container\">\n<div class=\"gb-grid-wrapper gb-grid-wrapper-97215333\">\n<div class=\"gb-grid-column gb-grid-column-03b74815\"><div class=\"gb-container gb-container-03b74815\"><div class=\"gb-inside-container\">\n\n<h3 class=\"wp-block-heading\">M\u00e9dias<\/h3>\n\n\n\n<p>-><a href=\"https:\/\/ewg-fr.ch\/fr\/medien-broschueren\/\" data-type=\"page\" data-id=\"1833\"> <strong>plus<\/strong><\/a><\/p>\n\n\n\n<div style=\"height:30px\" aria-hidden=\"true\" class=\"wp-block-spacer\"><\/div>\n\n<\/div><\/div><\/div>\n\n<div class=\"gb-grid-column gb-grid-column-ac19afd5\"><div class=\"gb-container gb-container-ac19afd5\"><div class=\"gb-inside-container\">\n\n<h3 class=\"wp-block-heading\">D\u00e9roulement de l'installation<\/h3>\n\n\n\n<p>-> <a rel=\"noreferrer noopener\" href=\"https:\/\/ewg-fr.ch\/wp-content\/uploads\/2023\/01\/installation_classique.pdf\" data-type=\"attachment\" data-id=\"2390\" target=\"_blank\"><strong>plus<\/strong><\/a><\/p>\n\n<\/div><\/div><\/div>\n<\/div>\n<\/div><\/div>\n\n\n<p class=\"has-black-color has-text-color\"><\/p>","protected":false},"excerpt":{"rendered":"<p>Wissen Begrifflichkeiten \/ Wissenswertes BauherrAls\u00a0Bauherr\u00a0sind Sie rechtlicher und wirtschaftlich verantwortlicher\u00a0Auftraggeber\u00a0gegen\u00fcber der EWG-FR. Zusammen mit dem Planer planen Sie Ihre PV-Anlage und erteilen Auftr\u00e4ge und koordinieren Ger\u00fcstbau und Elektroinstallation. Der Planer &#8230;<\/p>","protected":false},"author":1,"featured_media":0,"parent":0,"menu_order":0,"comment_status":"closed","ping_status":"closed","template":"","meta":{"footnotes":""},"class_list":["post-1559","page","type-page","status-publish","hentry"],"_links":{"self":[{"href":"https:\/\/ewg-fr.ch\/fr\/wp-json\/wp\/v2\/pages\/1559","targetHints":{"allow":["GET"]}}],"collection":[{"href":"https:\/\/ewg-fr.ch\/fr\/wp-json\/wp\/v2\/pages"}],"about":[{"href":"https:\/\/ewg-fr.ch\/fr\/wp-json\/wp\/v2\/types\/page"}],"author":[{"embeddable":true,"href":"https:\/\/ewg-fr.ch\/fr\/wp-json\/wp\/v2\/users\/1"}],"replies":[{"embeddable":true,"href":"https:\/\/ewg-fr.ch\/fr\/wp-json\/wp\/v2\/comments?post=1559"}],"version-history":[{"count":44,"href":"https:\/\/ewg-fr.ch\/fr\/wp-json\/wp\/v2\/pages\/1559\/revisions"}],"predecessor-version":[{"id":2477,"href":"https:\/\/ewg-fr.ch\/fr\/wp-json\/wp\/v2\/pages\/1559\/revisions\/2477"}],"wp:attachment":[{"href":"https:\/\/ewg-fr.ch\/fr\/wp-json\/wp\/v2\/media?parent=1559"}],"curies":[{"name":"wp","href":"https:\/\/api.w.org\/{rel}","templated":true}]}}