{"id":1051,"date":"2020-01-21T17:43:22","date_gmt":"2020-01-21T17:43:22","guid":{"rendered":"http:\/\/solarzentral.ch\/?page_id=15"},"modified":"2025-06-21T10:19:38","modified_gmt":"2025-06-21T10:19:38","slug":"ueber-uns","status":"publish","type":"page","link":"https:\/\/ewg-fr.ch\/fr\/ueber-uns\/","title":{"rendered":"Qui sommes nous"},"content":{"rendered":"<div style=\"height:30px\" aria-hidden=\"true\" class=\"wp-block-spacer\"><\/div>\n\n\n\n<h2 class=\"wp-block-heading translation-block\">Qui sommes nous<\/h2>\n\n\n\n<div style=\"height:30px\" aria-hidden=\"true\" class=\"wp-block-spacer\"><\/div>\n\n\n<div class=\"gb-container gb-container-38684684\"><div class=\"gb-inside-container\">\n<div class=\"gb-grid-wrapper gb-grid-wrapper-e0842e49\">\n<div class=\"gb-grid-column gb-grid-column-04b6b923\"><div class=\"gb-container gb-container-04b6b923\"><div class=\"gb-inside-container\">\n\n<h3 class=\"wp-block-heading\">La coop\u00e9rative<\/h3>\n\n\n\n<p>Die Energiewendegenossenschaft des Kanton Freiburg (EWG-FR) ist nicht gewinnorientiert organisiert und m\u00f6chte einen Beitrag zur Energiewende im Kanton Freiburg leisten. Die EWG-FR setzt sich daf\u00fcr ein, dass Hausbesitzer, Wohnbaugenossenschaften, Gemeinden und Gewerbetreibende, mit dem Konzept des Selbstbaus eine Solaranlage realisieren k\u00f6nnen.<br><\/p>\n\n\n\n<p class=\"has-text-align-right\">Die Gr\u00fcndungsmitglieder -&gt;   <\/p>\n\n<\/div><\/div><\/div>\n\n<div class=\"gb-grid-column gb-grid-column-27006cd1\"><div class=\"gb-container gb-container-27006cd1\"><div class=\"gb-inside-container\">\n<div class=\"wp-block-image is-resized\">\n<figure class=\"aligncenter size-large\"><img loading=\"lazy\" decoding=\"async\" width=\"1024\" height=\"591\" src=\"https:\/\/ewg-fr.ch\/wp-content\/uploads\/2022\/11\/Gruendung-EWG-FR-1-1024x591.jpg\" alt=\"\" class=\"wp-image-2183\" srcset=\"https:\/\/ewg-fr.ch\/wp-content\/uploads\/2022\/11\/Gruendung-EWG-FR-1-1024x591.jpg 1024w, https:\/\/ewg-fr.ch\/wp-content\/uploads\/2022\/11\/Gruendung-EWG-FR-1-300x173.jpg 300w, https:\/\/ewg-fr.ch\/wp-content\/uploads\/2022\/11\/Gruendung-EWG-FR-1-768x443.jpg 768w, https:\/\/ewg-fr.ch\/wp-content\/uploads\/2022\/11\/Gruendung-EWG-FR-1-1536x887.jpg 1536w, https:\/\/ewg-fr.ch\/wp-content\/uploads\/2022\/11\/Gruendung-EWG-FR-1-2048x1182.jpg 2048w, https:\/\/ewg-fr.ch\/wp-content\/uploads\/2022\/11\/Gruendung-EWG-FR-1-18x10.jpg 18w\" sizes=\"auto, (max-width: 1024px) 100vw, 1024px\" \/><figcaption class=\"wp-element-caption\">g.\u00e0.d. : Vincent Lehmann, Jean-Daniel Goetschi, Baptiste Ecoffey, Gr\u00e9goire Buntschu, Adrien Buntschu, Remo B\u00f6sch, Nicolas Fragni\u00e8re, Thomas Moeri<\/figcaption><\/figure>\n<\/div>\n\n\n<div style=\"height:80px\" aria-hidden=\"true\" class=\"wp-block-spacer\"><\/div>\n\n<\/div><\/div><\/div>\n<\/div>\n<\/div><\/div>\n\n<div class=\"gb-container gb-container-6c7ca50e\"><div class=\"gb-inside-container\">\n<div class=\"gb-grid-wrapper gb-grid-wrapper-973023b6\">\n<div class=\"gb-grid-column gb-grid-column-742ecddb\"><div class=\"gb-container gb-container-742ecddb\"><div class=\"gb-inside-container\">\n\n<h3 class=\"gb-headline gb-headline-67a7e01f gb-headline-text\">Devenir coop\u00e9rateur<\/h3>\n\n\n\n<p class=\"translation-block\">On devient coop\u00e9rateur\/trice en acqu\u00e9rant<br>une part sociale d'une valeur de CHF 500.-<\/p>\n\n\n\n<p>-&gt; <a href=\"https:\/\/ewg-fr.ch\/fr\/bestellung-anteilschein\/\" data-type=\"page\" data-id=\"2138\">Commander une part sociale<\/a><\/p>\n\n\n\n<div style=\"height:30px\" aria-hidden=\"true\" class=\"wp-block-spacer\"><\/div>\n\n<\/div><\/div><\/div>\n\n<div class=\"gb-grid-column gb-grid-column-ff4156db\"><div class=\"gb-container gb-container-ff4156db\"><div class=\"gb-inside-container\">\n\n<h3 class=\"gb-headline gb-headline-08f0198f gb-headline-text\">Statuts \/ Prestations \/ CGV \/ Fiche tarifaire<\/h3>\n\n\n<div class=\"gb-grid-wrapper gb-grid-wrapper-dd273def\">\n<div class=\"gb-grid-column gb-grid-column-69aa9885\"><div class=\"gb-container gb-container-69aa9885\"><div class=\"gb-inside-container\">\n\n<p><a rel=\"noreferrer noopener\" href=\"https:\/\/ewg-fr.ch\/wp-content\/uploads\/2023\/01\/Autovoltaic-FR_Statuts.pdf\" data-type=\"attachment\" data-id=\"2379\" target=\"_blank\">Statuts<\/a><br><a rel=\"noreferrer noopener\" href=\"https:\/\/ewg-fr.ch\/wp-content\/uploads\/2023\/01\/Autovoltaic-FR_Prestation.pdf\" data-type=\"attachment\" data-id=\"2378\" target=\"_blank\">Prestations<\/a><br><a href=\"https:\/\/ewg-fr.ch\/wp-content\/uploads\/2023\/10\/de_AGB-Ueberarbeitetet-08.10.2023.pdf\" data-type=\"attachment\" data-id=\"2448\">CGV<\/a><br><a href=\"https:\/\/ewg-fr.ch\/wp-content\/uploads\/2025\/06\/de.fr_Tarifblatt-2025.pdf\" data-type=\"attachment\" data-id=\"2500\">Fiche tarifaire<\/a><\/p>\n\n<\/div><\/div><\/div>\n\n<div class=\"gb-grid-column gb-grid-column-c9b281f3\"><div class=\"gb-container gb-container-c9b281f3\"><div class=\"gb-inside-container\"><\/div><\/div><\/div>\n<\/div>\n\n\n<div style=\"height:80px\" aria-hidden=\"true\" class=\"wp-block-spacer\"><\/div>\n\n<\/div><\/div><\/div>\n<\/div>\n<\/div><\/div>\n\n\n<h3 class=\"wp-block-heading\">Nos planificateurs, nos chefs de chantier<\/h3>\n\n\n<div class=\"gb-container gb-container-45f74b75\"><div class=\"gb-inside-container\">\n<div class=\"gb-grid-wrapper gb-grid-wrapper-c1b04307\">\n<div class=\"gb-grid-column gb-grid-column-d6a830d9\"><div class=\"gb-container gb-container-d6a830d9\"><div class=\"gb-inside-container\">\n\n<figure class=\"wp-block-image size-full is-resized\"><img loading=\"lazy\" decoding=\"async\" width=\"130\" height=\"184\" src=\"https:\/\/ewg-fr.ch\/wp-content\/uploads\/2022\/12\/worker3.jpg\" alt=\"\" class=\"wp-image-2314\" style=\"width:95px;height:134px\" srcset=\"https:\/\/ewg-fr.ch\/wp-content\/uploads\/2022\/12\/worker3.jpg 130w, https:\/\/ewg-fr.ch\/wp-content\/uploads\/2022\/12\/worker3-8x12.jpg 8w\" sizes=\"auto, (max-width: 130px) 100vw, 130px\" \/><\/figure>\n\n\n\n<p>Planificateur \/ Chef de chantier<br><strong>Nicolas Fragni\u00e8re (f)<\/strong><br>079 614 32 68<br><a href=\"mailto:n.fragniere@ewg-fr.ch\">n.fragniere@ewg-fr.ch<\/a><\/p>\n\n<\/div><\/div><\/div>\n\n<div class=\"gb-grid-column gb-grid-column-fde5a378\"><div class=\"gb-container gb-container-fde5a378\"><div class=\"gb-inside-container\">\n\n<figure class=\"wp-block-image size-full is-resized\"><img loading=\"lazy\" decoding=\"async\" width=\"133\" height=\"187\" src=\"https:\/\/ewg-fr.ch\/wp-content\/uploads\/2022\/12\/worker4.jpg\" alt=\"\" class=\"wp-image-2313\" style=\"width:96px;height:135px\" srcset=\"https:\/\/ewg-fr.ch\/wp-content\/uploads\/2022\/12\/worker4.jpg 133w, https:\/\/ewg-fr.ch\/wp-content\/uploads\/2022\/12\/worker4-9x12.jpg 9w\" sizes=\"auto, (max-width: 133px) 100vw, 133px\" \/><\/figure>\n\n\n\n<p>Planificateur \/ Chef de chantier<br><strong>Thomas Moeri (d)<\/strong><br>079 434 02 90<br><a href=\"mailto:thomas.moeri@ewg-fr.ch\">thomas.moeri@ewg-fr.ch<\/a><\/p>\n\n<\/div><\/div><\/div>\n\n<div class=\"gb-grid-column gb-grid-column-86039ae5\"><div class=\"gb-container gb-container-86039ae5\"><div class=\"gb-inside-container\">\n\n<figure class=\"wp-block-image size-full is-resized\"><img loading=\"lazy\" decoding=\"async\" width=\"134\" height=\"187\" src=\"https:\/\/ewg-fr.ch\/wp-content\/uploads\/2022\/12\/worker1.jpg\" alt=\"\" class=\"wp-image-2316\" style=\"width:96px;height:134px\" srcset=\"https:\/\/ewg-fr.ch\/wp-content\/uploads\/2022\/12\/worker1.jpg 134w, https:\/\/ewg-fr.ch\/wp-content\/uploads\/2022\/12\/worker1-9x12.jpg 9w\" sizes=\"auto, (max-width: 134px) 100vw, 134px\" \/><\/figure>\n\n\n\n<p>Planer \/ Bauleiter \/ Admin<br><strong>Remo B\u00f6sch<\/strong> <strong>(d)<\/strong><br><br><a href=\"mailto:remo.boesch@ewg-fr.ch\">remo.boesch@ewg-fr.ch<\/a><br><\/p>\n\n<\/div><\/div><\/div>\n\n<div class=\"gb-grid-column gb-grid-column-534650b5\"><div class=\"gb-container gb-container-534650b5\"><div class=\"gb-inside-container\">\n\n<figure class=\"wp-block-image size-full is-resized\"><img loading=\"lazy\" decoding=\"async\" width=\"139\" height=\"186\" src=\"https:\/\/ewg-fr.ch\/wp-content\/uploads\/2022\/12\/worker2.jpg\" alt=\"\" class=\"wp-image-2315\" style=\"width:98px;height:131px\" srcset=\"https:\/\/ewg-fr.ch\/wp-content\/uploads\/2022\/12\/worker2.jpg 139w, https:\/\/ewg-fr.ch\/wp-content\/uploads\/2022\/12\/worker2-9x12.jpg 9w\" sizes=\"auto, (max-width: 139px) 100vw, 139px\" \/><\/figure>\n\n\n\n<p>Buchhaltung<br><strong>Cyrielle Goetschi&nbsp; (f)<\/strong><br><br><a href=\"https:\/\/nano.metanet.ch:8443\/smb\/user\/edit\/id\/5102\">compta@ewg-fr.ch<\/a><\/p>\n\n<\/div><\/div><\/div>\n<\/div>\n<\/div><\/div>\n\n<div class=\"gb-grid-wrapper gb-grid-wrapper-a6852556\">\n<div class=\"gb-grid-column gb-grid-column-0c53d76e\"><div class=\"gb-container gb-container-0c53d76e\"><div class=\"gb-inside-container\">\n\n<figure class=\"wp-block-image size-full is-resized\"><img loading=\"lazy\" decoding=\"async\" width=\"134\" height=\"187\" src=\"https:\/\/ewg-fr.ch\/wp-content\/uploads\/2022\/12\/worker1.jpg\" alt=\"\" class=\"wp-image-2316\" style=\"width:93px;height:130px\" srcset=\"https:\/\/ewg-fr.ch\/wp-content\/uploads\/2022\/12\/worker1.jpg 134w, https:\/\/ewg-fr.ch\/wp-content\/uploads\/2022\/12\/worker1-9x12.jpg 9w\" sizes=\"auto, (max-width: 134px) 100vw, 134px\" \/><\/figure>\n\n<\/div><\/div><\/div>\n\n<div class=\"gb-grid-column gb-grid-column-73fd6535\"><div class=\"gb-container gb-container-73fd6535\"><div class=\"gb-inside-container\">\n\n<figure class=\"wp-block-image size-full is-resized\"><img loading=\"lazy\" decoding=\"async\" width=\"139\" height=\"186\" src=\"https:\/\/ewg-fr.ch\/wp-content\/uploads\/2022\/12\/worker2.jpg\" alt=\"\" class=\"wp-image-2315\" style=\"aspect-ratio:0.7473118279569892;width:102px;height:auto\" srcset=\"https:\/\/ewg-fr.ch\/wp-content\/uploads\/2022\/12\/worker2.jpg 139w, https:\/\/ewg-fr.ch\/wp-content\/uploads\/2022\/12\/worker2-9x12.jpg 9w\" sizes=\"auto, (max-width: 139px) 100vw, 139px\" \/><\/figure>\n\n<\/div><\/div><\/div>\n\n<div class=\"gb-grid-column gb-grid-column-35060e25\"><div class=\"gb-container gb-container-35060e25\"><div class=\"gb-inside-container\">\n\n<figure class=\"wp-block-image size-full is-resized\"><img loading=\"lazy\" decoding=\"async\" width=\"133\" height=\"187\" src=\"https:\/\/ewg-fr.ch\/wp-content\/uploads\/2022\/12\/worker4.jpg\" alt=\"\" class=\"wp-image-2313\" style=\"aspect-ratio:0.7112299465240641;width:98px;height:auto\" srcset=\"https:\/\/ewg-fr.ch\/wp-content\/uploads\/2022\/12\/worker4.jpg 133w, https:\/\/ewg-fr.ch\/wp-content\/uploads\/2022\/12\/worker4-9x12.jpg 9w\" sizes=\"auto, (max-width: 133px) 100vw, 133px\" \/><\/figure>\n\n<\/div><\/div><\/div>\n\n<div class=\"gb-grid-column gb-grid-column-d5d4364e\"><div class=\"gb-container gb-container-d5d4364e\"><div class=\"gb-inside-container\">\n\n<figure class=\"wp-block-image size-full is-resized\"><img loading=\"lazy\" decoding=\"async\" width=\"130\" height=\"184\" src=\"https:\/\/ewg-fr.ch\/wp-content\/uploads\/2022\/12\/worker3.jpg\" alt=\"\" class=\"wp-image-2314\" style=\"aspect-ratio:0.7065217391304348;width:94px;height:auto\" srcset=\"https:\/\/ewg-fr.ch\/wp-content\/uploads\/2022\/12\/worker3.jpg 130w, https:\/\/ewg-fr.ch\/wp-content\/uploads\/2022\/12\/worker3-8x12.jpg 8w\" sizes=\"auto, (max-width: 130px) 100vw, 130px\" \/><\/figure>\n\n<\/div><\/div><\/div>\n<\/div>\n\n<div class=\"gb-grid-wrapper gb-grid-wrapper-8031651f\">\n<div class=\"gb-grid-column gb-grid-column-9b057414\"><div class=\"gb-container gb-container-9b057414\">\n\n<p>Planificateur \/ Chef de chantier<br><strong>Olivier Monney (f)<\/strong><br><br><a href=\"mailto:o.monney@ewg-fr.ch\">o.monney@ewg-fr.ch<\/a><\/p>\n\n<\/div><\/div>\n\n<div class=\"gb-grid-column gb-grid-column-6f5f477b\"><div class=\"gb-container gb-container-6f5f477b\">\n\n<p>Planificateur \/ Chef de chantier<br><strong>Daniel Wismer (d\/f)<\/strong><br><br><a href=\"mailto:daniel.wismer@ewg-fr.ch\">daniel.wismer@ewg-fr.ch<\/a><\/p>\n\n<\/div><\/div>\n\n<div class=\"gb-grid-column gb-grid-column-dc223816\"><div class=\"gb-container gb-container-dc223816\">\n\n<p class=\"has-text-align-left\">Planer \/ Bauleiter \/ Admin<br><strong>G\u00e9rard Iannone (d\/f)<\/strong><br>079 506 34 03<br><a href=\"https:\/\/nano.metanet.ch:8443\/smb\/user\/edit\/id\/4825\">gerard.iannone@ewg-fr.ch<\/a><\/p>\n\n<\/div><\/div>\n\n<div class=\"gb-grid-column gb-grid-column-f2583100\"><div class=\"gb-container gb-container-f2583100\">\n\n<p>Planificateur \/ Chef de chantier<br><strong>Joaquim Perrenoud<\/strong> <strong>(f)<\/strong><br><br><a href=\"https:\/\/nano.metanet.ch:8443\/smb\/user\/edit\/id\/5074\">j.perrenoud@ewg-fr.ch<\/a><\/p>\n\n<\/div><\/div>\n<\/div>","protected":false},"excerpt":{"rendered":"<p>\u00dcBER UNS Unsere Planer, unsere Bauleiter<\/p>","protected":false},"author":2,"featured_media":0,"parent":0,"menu_order":0,"comment_status":"closed","ping_status":"closed","template":"","meta":{"footnotes":""},"class_list":["post-1051","page","type-page","status-publish","hentry"],"_links":{"self":[{"href":"https:\/\/ewg-fr.ch\/fr\/wp-json\/wp\/v2\/pages\/1051","targetHints":{"allow":["GET"]}}],"collection":[{"href":"https:\/\/ewg-fr.ch\/fr\/wp-json\/wp\/v2\/pages"}],"about":[{"href":"https:\/\/ewg-fr.ch\/fr\/wp-json\/wp\/v2\/types\/page"}],"author":[{"embeddable":true,"href":"https:\/\/ewg-fr.ch\/fr\/wp-json\/wp\/v2\/users\/2"}],"replies":[{"embeddable":true,"href":"https:\/\/ewg-fr.ch\/fr\/wp-json\/wp\/v2\/comments?post=1051"}],"version-history":[{"count":82,"href":"https:\/\/ewg-fr.ch\/fr\/wp-json\/wp\/v2\/pages\/1051\/revisions"}],"predecessor-version":[{"id":2502,"href":"https:\/\/ewg-fr.ch\/fr\/wp-json\/wp\/v2\/pages\/1051\/revisions\/2502"}],"wp:attachment":[{"href":"https:\/\/ewg-fr.ch\/fr\/wp-json\/wp\/v2\/media?parent=1051"}],"curies":[{"name":"wp","href":"https:\/\/api.w.org\/{rel}","templated":true}]}}