{"id":1050,"date":"2020-01-21T17:43:09","date_gmt":"2020-01-21T17:43:09","guid":{"rendered":"http:\/\/solarzentral.ch\/?page_id=13"},"modified":"2025-06-21T10:20:58","modified_gmt":"2025-06-21T10:20:58","slug":"selbstbau","status":"publish","type":"page","link":"https:\/\/ewg-fr.ch\/fr\/selbstbau\/","title":{"rendered":"Autoconstruction"},"content":{"rendered":"<div style=\"height:30px\" aria-hidden=\"true\" class=\"wp-block-spacer\"><\/div>\n\n\n\n<h2 class=\"wp-block-heading\">Autoconstruction<\/h2>\n\n\n\n<div style=\"height:30px\" aria-hidden=\"true\" class=\"wp-block-spacer\"><\/div>\n\n\n<div class=\"gb-container gb-container-e58df47c\"><div class=\"gb-inside-container\">\n<div class=\"gb-grid-wrapper gb-grid-wrapper-9077732c\">\n<div class=\"gb-grid-column gb-grid-column-5423b43f\"><div class=\"gb-container gb-container-5423b43f\"><div class=\"gb-inside-container\">\n\n<h3 class=\"gb-headline gb-headline-731cdd00 gb-headline-text\">Que signifie autoconstruction ?<\/h3>\n\n\n\n<p class=\"gb-headline gb-headline-11cdba49 gb-headline-text\">La Soci\u00e9t\u00e9 coop\u00e9rative de transition \u00e9nerg\u00e9tique du canton de Fribourg (Autovoltaic-FR) s'engage pour la construction d'installations photovolta\u00efques et soutient les propri\u00e9taires de maisons, les commer\u00e7ants et les communes dans leur r\u00e9alisation. Devenez membre de la coop\u00e9rative et b\u00e9n\u00e9ficiez en contrepartie d'un acc\u00e8s \u00e0 des connaissances sp\u00e9cialis\u00e9es, \u00e0 des ressources personnelles, \u00e0 des conditions de planification et d'installation attrayantes qui vous aideront \u00e0 construire votre propre installation photovolta\u00efque. Vous profiterez \u00e9galement des conditions de la coop\u00e9rative pour l'achat de mat\u00e9riel.\u00a0(v. <a href=\"https:\/\/ewg-fr.ch\/wp-content\/uploads\/2025\/06\/de.fr_Tarifblatt-2025.pdf\" data-type=\"attachment\" data-id=\"2500\">Fiche tarifaire<\/a>)<\/p>\n\n<\/div><\/div><\/div>\n\n<div class=\"gb-grid-column gb-grid-column-76744fad\"><div class=\"gb-container gb-container-76744fad\"><div class=\"gb-inside-container\">\n\n<h3 class=\"gb-headline gb-headline-ab21d386 gb-headline-text\">Planification<\/h3>\n\n\n\n<p>Un planificateur Autovoltaic-FR planifie avec vous votre installation photovolta\u00efque (PV). Il accompagne la r\u00e9alisation de l'installation de A \u00e0 Z : il d\u00e9termine avec vous le moment de l'installation, vous conseille et vous assiste, fait les demandes d'autorisation aupr\u00e8s des autorit\u00e9s, met en service votre installation PV et \u00e9tablit l'avis d'ach\u00e8vement et la demande de subvention.  (v. <a href=\"https:\/\/ewg-fr.ch\/wp-content\/uploads\/2023\/01\/installation_classique.pdf\" data-type=\"attachment\" data-id=\"2390\">D\u00e9roulement de l'installation<\/a><a href=\"https:\/\/ewg-fr.ch\/fr\/links\/\" data-type=\"page\" data-id=\"1703\">)<\/a><\/p>\n\n\n\n<div style=\"height:30px\" aria-hidden=\"true\" class=\"wp-block-spacer\"><\/div>\n\n<\/div><\/div><\/div>\n<\/div>\n<\/div><\/div>\n\n<div class=\"gb-container gb-container-bcaae549\"><div class=\"gb-inside-container\">\n<div class=\"gb-grid-wrapper gb-grid-wrapper-e81eb670\">\n<div class=\"gb-grid-column gb-grid-column-6e98a65a\"><div class=\"gb-container gb-container-6e98a65a\"><div class=\"gb-inside-container\">\n\n<h3 class=\"gb-headline gb-headline-7c3e8970 gb-headline-text\">Autoconstruction sur le toit<\/h3>\n\n\n\n<p class=\"gb-headline gb-headline-f3f1a1c1 gb-headline-text\">En tant que ma\u00eetre d'ouvrage, vous construisez de vos propres mains, avec l'aide de votre famille, de vos amis, de vos voisins ( <a href=\"https:\/\/ewg-fr.ch\/fr\/begrifflichkeiten\/\" data-type=\"page\" data-id=\"1568\">co-constructeurs<\/a>) et\/ou avec des membres d'Autovoltaic-FR (= <a href=\"https:\/\/ewg-fr.ch\/fr\/begrifflichkeiten\/\" data-type=\"URL\" data-id=\"https:\/\/ewg-fr.ch\/begrifflichkeiten\/\">autoconstructeurs<\/a>), mais avec le soutien d'un chef de chantier exp\u00e9riment\u00e9 d'Autovoltaic-FR - en hauteur et bien s\u00fbr en respectant les prescriptions de la SUVA - votre propre installation PV qui produira votre propre \u00e9lectricit\u00e9.<\/p>\n\n\n\n<div style=\"height:30px\" aria-hidden=\"true\" class=\"wp-block-spacer\"><\/div>\n\n<\/div><\/div><\/div>\n\n<div class=\"gb-grid-column gb-grid-column-3d025bdf\"><div class=\"gb-container gb-container-3d025bdf\"><div class=\"gb-inside-container\">\n\n<h3 class=\"gb-headline gb-headline-e594b25c gb-headline-text\">Autoconsommation optimis\u00e9e<\/h3>\n\n\n\n<p class=\"gb-headline gb-headline-4830a389 gb-headline-text\">L'autoconsommation consiste \u00e0 utiliser soi-m\u00eame l'\u00e9lectricit\u00e9 produite par l'installation PV. Gr\u00e2ce \u00e0 un pilotage intelligent des consommateurs, vous augmentez votre <a href=\"https:\/\/ewg-fr.ch\/fr\/fragen-und-antworten\/\" data-type=\"page\" data-id=\"1573\">autoconsommation<\/a> - et r\u00e9duisez ainsi encore plus votre facture d'\u00e9lectricit\u00e9. Les consommateurs tels que le chauffe-eau\/la production d'eau chaude, les bornes de recharge, les pompes \u00e0 chaleur, etc. sont automatiquement aliment\u00e9s par le courant de l'installation PV en fonction des r\u00e8gles ce qui abaisse encore la consommation de courant externe.<\/p>\n\n<\/div><\/div><\/div>\n<\/div>\n<\/div><\/div>\n\n\n<p><\/p>\n\n\n\n<p><\/p>","protected":false},"excerpt":{"rendered":"<p>Autoconstruction<\/p>","protected":false},"author":2,"featured_media":0,"parent":0,"menu_order":0,"comment_status":"closed","ping_status":"closed","template":"","meta":{"footnotes":""},"class_list":["post-1050","page","type-page","status-publish","hentry"],"_links":{"self":[{"href":"https:\/\/ewg-fr.ch\/fr\/wp-json\/wp\/v2\/pages\/1050","targetHints":{"allow":["GET"]}}],"collection":[{"href":"https:\/\/ewg-fr.ch\/fr\/wp-json\/wp\/v2\/pages"}],"about":[{"href":"https:\/\/ewg-fr.ch\/fr\/wp-json\/wp\/v2\/types\/page"}],"author":[{"embeddable":true,"href":"https:\/\/ewg-fr.ch\/fr\/wp-json\/wp\/v2\/users\/2"}],"replies":[{"embeddable":true,"href":"https:\/\/ewg-fr.ch\/fr\/wp-json\/wp\/v2\/comments?post=1050"}],"version-history":[{"count":49,"href":"https:\/\/ewg-fr.ch\/fr\/wp-json\/wp\/v2\/pages\/1050\/revisions"}],"predecessor-version":[{"id":2503,"href":"https:\/\/ewg-fr.ch\/fr\/wp-json\/wp\/v2\/pages\/1050\/revisions\/2503"}],"wp:attachment":[{"href":"https:\/\/ewg-fr.ch\/fr\/wp-json\/wp\/v2\/media?parent=1050"}],"curies":[{"name":"wp","href":"https:\/\/api.w.org\/{rel}","templated":true}]}}